{"id":6289,"date":"2023-04-01T04:43:12","date_gmt":"2023-04-01T04:43:12","guid":{"rendered":"https:\/\/decolights.eu\/?post_type=product&#038;p=6289"},"modified":"2023-05-09T09:43:46","modified_gmt":"2023-05-09T09:43:46","slug":"smart-festoon-lights-rgbw","status":"publish","type":"product","link":"https:\/\/decolights.eu\/sk\/produkt-2\/smart-festoon-lights-rgbw\/","title":{"rendered":"Inteligentn\u00e9 fest\u00f3nov\u00e9 svetl\u00e1 RGBW"},"content":{"rendered":"<p>Sveteln\u00e1 re\u0165az Smart festoon sa d\u00e1 meni\u0165 do nekone\u010dnej palety farieb, sveteln\u00fa \u0161n\u00faru m\u00f4\u017eete pou\u017ei\u0165 na viano\u010dn\u00fd strom\u010dek, za telev\u00edzor alebo ako dekor\u00e1ciu. Je \u013eahk\u00e9 zmeni\u0165 teplotu farieb, zapn\u00fa\u0165 alebo vypn\u00fa\u0165 pomocou aplik\u00e1cie Smart Life, ovl\u00e1da\u010da alebo dia\u013ekov\u00e9ho ovl\u00e1da\u010da. Pomocou aplik\u00e1cie Smart Life prid\u00e1vate pl\u00e1ny alebo scen\u00e1re. Dok\u00e1\u017ee meni\u0165 svetlo rytmom hudby. N\u00e1\u0161 inteligentn\u00fd sveteln\u00fd re\u0165azec je mo\u017en\u00e9 integrova\u0165 do Google Home alebo Amazon Alexa.<\/p>\n<p>Za\u010dnite jednoducho stiahnut\u00edm aplik\u00e1cie, prihl\u00e1sen\u00edm sa alebo vytvoren\u00edm nov\u00e9ho \u00fa\u010dtu a pridan\u00edm sveteln\u00e9ho re\u0165azca! Jednoduch\u00e9, energeticky \u00fasporn\u00e9 a m\u00f4\u017ee vytvori\u0165 bezpe\u010dnos\u0165 vo va\u0161ej dom\u00e1cnosti!<\/p>\n<ul>\n<li><strong>Farba LED<\/strong>: V\u0161etky mo\u017en\u00e9 farby, ktor\u00e9 si m\u00f4\u017eete vybra\u0165 pomocou aplik\u00e1cie Smart Life<\/li>\n<li><strong>Po\u010det svietidiel<\/strong><strong>: <\/strong>25 ks<\/li>\n<li><strong>Celkov\u00e1 d\u013a\u017eka (vr\u00e1tane nap\u00e1jacieho k\u00e1bla): <\/strong>8,50 mil<\/li>\n<li><strong>D\u013a\u017eka svietenia:\u00a0<\/strong>5 mil<\/li>\n<li><strong>Nap\u00e1jac\u00ed k\u00e1bel:<\/strong> 3,50 mil<\/li>\n<li><strong>Ve\u013ekos\u0165 \u017eiarovky: <\/strong>4 cm<\/li>\n<li><strong>Vzdialenos\u0165 medzi \u017eiarovkami:<\/strong> 20 cm<\/li>\n<li><strong>Farba k\u00e1bla: <\/strong>\u010dierna<\/li>\n<li><strong>Hodnotenie IP: <\/strong>IP44<\/li>\n<li><strong>Zdroj energie:\u00a0<\/strong>Zapoji\u0165<\/li>\n<li><strong>Materi\u00e1l k\u00e1bla:\u00a0<\/strong>PVC<\/li>\n<li><strong>Pripojite\u013en\u00e9:\u00a0<\/strong>Nie<\/li>\n<li><strong>Uz\u00e1ver\/z\u00e1suvka:\u00a0<\/strong>Nenahradite\u013en\u00e9<\/li>\n<li><strong>CE certifikovan\u00e9:\u00a0<\/strong>\u00c1no<\/li>\n<li>5V DC 6W z\u00e1str\u010dka Schuko<\/li>\n<\/ul>","protected":false},"excerpt":{"rendered":"<p>Smart festoon light chain can be altered into an endless variety of colours, the light string can be used in the Christmas tree, behind your TV or as a decoration. It is easy to change the colour temperature, turn on or off with the Smart Life app, the controller box or the remote. With the [&#8230;]\n","protected":false},"featured_media":6414,"comment_status":"open","ping_status":"closed","template":"","meta":[],"product_brand":[],"product_cat":[227,226],"product_tag":[],"class_list":{"0":"post-6289","1":"product","2":"type-product","3":"status-publish","4":"has-post-thumbnail","6":"product_cat-led-festoon-lights-outdoor-lights","7":"product_cat-outdoor-lights","8":"pa_led-colour-multi-coloured","10":"first","11":"instock","12":"sale","13":"shipping-taxable","14":"purchasable","15":"product-type-simple"},"yoast_head":"<!-- This site is optimized with the Yoast SEO plugin v27.3 - https:\/\/yoast.com\/product\/yoast-seo-wordpress\/ -->\n<title>Smart festoon lights RGBW - Best price guarantee - Decolights.eu<\/title>\n<meta name=\"description\" content=\"Smart festoon light chain can be altered into an endless variety of colours and glow in music rhythm. Perfect for home and parties. Buy now for best price!\" \/>\n<meta name=\"robots\" content=\"index, follow, max-snippet:-1, max-image-preview:large, max-video-preview:-1\" \/>\n<link rel=\"canonical\" href=\"https:\/\/decolights.eu\/sk\/produkt-2\/smart-festoon-lights-rgbw\/\" \/>\n<meta property=\"og:locale\" content=\"sk_SK\" \/>\n<meta property=\"og:type\" content=\"article\" \/>\n<meta property=\"og:title\" content=\"Smart festoon lights RGBW - Best price guarantee - Decolights.eu\" \/>\n<meta property=\"og:description\" content=\"Smart festoon light chain can be altered into an endless variety of colours and glow in music rhythm. Perfect for home and parties. Buy now for best price!\" \/>\n<meta property=\"og:url\" content=\"https:\/\/decolights.eu\/sk\/produkt-2\/smart-festoon-lights-rgbw\/\" \/>\n<meta property=\"og:site_name\" content=\"Decolights.eu\" \/>\n<meta property=\"article:modified_time\" content=\"2023-05-09T09:43:46+00:00\" \/>\n<meta property=\"og:image\" content=\"https:\/\/decolights.eu\/wp-content\/uploads\/2023\/04\/Nutivalguskett-RGBW-1.png\" \/>\n\t<meta property=\"og:image:width\" content=\"600\" \/>\n\t<meta property=\"og:image:height\" content=\"602\" \/>\n\t<meta property=\"og:image:type\" content=\"image\/png\" \/>\n<meta name=\"twitter:card\" content=\"summary_large_image\" \/>\n<meta name=\"twitter:label1\" content=\"Predpokladan\u00fd \u010das \u010d\u00edtania\" \/>\n\t<meta name=\"twitter:data1\" content=\"1 min\u00fata\" \/>\n<script type=\"application\/ld+json\" class=\"yoast-schema-graph\">{\"@context\":\"https:\\\/\\\/schema.org\",\"@graph\":[{\"@type\":\"WebPage\",\"@id\":\"https:\\\/\\\/decolights.eu\\\/product\\\/smart-festoon-lights-rgbw\\\/\",\"url\":\"https:\\\/\\\/decolights.eu\\\/product\\\/smart-festoon-lights-rgbw\\\/\",\"name\":\"Smart festoon lights RGBW - Best price guarantee - Decolights.eu\",\"isPartOf\":{\"@id\":\"https:\\\/\\\/decolights.eu\\\/#website\"},\"primaryImageOfPage\":{\"@id\":\"https:\\\/\\\/decolights.eu\\\/product\\\/smart-festoon-lights-rgbw\\\/#primaryimage\"},\"image\":{\"@id\":\"https:\\\/\\\/decolights.eu\\\/product\\\/smart-festoon-lights-rgbw\\\/#primaryimage\"},\"thumbnailUrl\":\"https:\\\/\\\/decolights.eu\\\/wp-content\\\/uploads\\\/2023\\\/04\\\/Nutivalguskett-RGBW-1.png\",\"datePublished\":\"2023-04-01T04:43:12+00:00\",\"dateModified\":\"2023-05-09T09:43:46+00:00\",\"description\":\"Smart festoon light chain can be altered into an endless variety of colours and glow in music rhythm. Perfect for home and parties. Buy now for best price!\",\"breadcrumb\":{\"@id\":\"https:\\\/\\\/decolights.eu\\\/product\\\/smart-festoon-lights-rgbw\\\/#breadcrumb\"},\"inLanguage\":\"sk-SK\",\"potentialAction\":[{\"@type\":\"ReadAction\",\"target\":[\"https:\\\/\\\/decolights.eu\\\/product\\\/smart-festoon-lights-rgbw\\\/\"]}]},{\"@type\":\"ImageObject\",\"inLanguage\":\"sk-SK\",\"@id\":\"https:\\\/\\\/decolights.eu\\\/product\\\/smart-festoon-lights-rgbw\\\/#primaryimage\",\"url\":\"https:\\\/\\\/decolights.eu\\\/wp-content\\\/uploads\\\/2023\\\/04\\\/Nutivalguskett-RGBW-1.png\",\"contentUrl\":\"https:\\\/\\\/decolights.eu\\\/wp-content\\\/uploads\\\/2023\\\/04\\\/Nutivalguskett-RGBW-1.png\",\"width\":600,\"height\":602},{\"@type\":\"BreadcrumbList\",\"@id\":\"https:\\\/\\\/decolights.eu\\\/product\\\/smart-festoon-lights-rgbw\\\/#breadcrumb\",\"itemListElement\":[{\"@type\":\"ListItem\",\"position\":1,\"name\":\"Shop\",\"item\":\"https:\\\/\\\/decolights.eu\\\/shop\\\/\"},{\"@type\":\"ListItem\",\"position\":2,\"name\":\"Smart festoon lights RGBW\"}]},{\"@type\":\"WebSite\",\"@id\":\"https:\\\/\\\/decolights.eu\\\/#website\",\"url\":\"https:\\\/\\\/decolights.eu\\\/\",\"name\":\"decolights\",\"description\":\"Led Decorations for Home and Garden\",\"publisher\":{\"@id\":\"https:\\\/\\\/decolights.eu\\\/#organization\"},\"alternateName\":\"decolights.eu\",\"potentialAction\":[{\"@type\":\"SearchAction\",\"target\":{\"@type\":\"EntryPoint\",\"urlTemplate\":\"https:\\\/\\\/decolights.eu\\\/?s={search_term_string}\"},\"query-input\":{\"@type\":\"PropertyValueSpecification\",\"valueRequired\":true,\"valueName\":\"search_term_string\"}}],\"inLanguage\":\"sk-SK\"},{\"@type\":\"Organization\",\"@id\":\"https:\\\/\\\/decolights.eu\\\/#organization\",\"name\":\"decolights\",\"url\":\"https:\\\/\\\/decolights.eu\\\/\",\"logo\":{\"@type\":\"ImageObject\",\"inLanguage\":\"sk-SK\",\"@id\":\"https:\\\/\\\/decolights.eu\\\/#\\\/schema\\\/logo\\\/image\\\/\",\"url\":\"https:\\\/\\\/decolights.eu\\\/wp-content\\\/uploads\\\/2023\\\/07\\\/cropped-decolight-siteicon.png\",\"contentUrl\":\"https:\\\/\\\/decolights.eu\\\/wp-content\\\/uploads\\\/2023\\\/07\\\/cropped-decolight-siteicon.png\",\"width\":512,\"height\":512,\"caption\":\"decolights\"},\"image\":{\"@id\":\"https:\\\/\\\/decolights.eu\\\/#\\\/schema\\\/logo\\\/image\\\/\"}}]}<\/script>\n<!-- \/ Yoast SEO plugin. -->","yoast_head_json":{"title":"Inteligentn\u00e9 fest\u00f3nov\u00e9 svietidl\u00e1 RGBW - Garancia najni\u017e\u0161ej ceny - Decolights.eu","description":"Inteligentn\u00e1 fest\u00f3nov\u00e1 sveteln\u00e1 re\u0165az m\u00f4\u017ee by\u0165 zmenen\u00e1 na nekone\u010dn\u00e9 mno\u017estvo farieb a \u017eiari\u0165 v hudobnom rytme. Ide\u00e1lne pre dom\u00e1cnos\u0165 a p\u00e1rty. K\u00fapte teraz za najlep\u0161iu cenu!","robots":{"index":"index","follow":"follow","max-snippet":"max-snippet:-1","max-image-preview":"max-image-preview:large","max-video-preview":"max-video-preview:-1"},"canonical":"https:\/\/decolights.eu\/sk\/produkt-2\/smart-festoon-lights-rgbw\/","og_locale":"sk_SK","og_type":"article","og_title":"Smart festoon lights RGBW - Best price guarantee - Decolights.eu","og_description":"Smart festoon light chain can be altered into an endless variety of colours and glow in music rhythm. Perfect for home and parties. Buy now for best price!","og_url":"https:\/\/decolights.eu\/sk\/produkt-2\/smart-festoon-lights-rgbw\/","og_site_name":"Decolights.eu","article_modified_time":"2023-05-09T09:43:46+00:00","og_image":[{"width":600,"height":602,"url":"https:\/\/decolights.eu\/wp-content\/uploads\/2023\/04\/Nutivalguskett-RGBW-1.png","type":"image\/png"}],"twitter_card":"summary_large_image","twitter_misc":{"Predpokladan\u00fd \u010das \u010d\u00edtania":"1 min\u00fata"},"schema":{"@context":"https:\/\/schema.org","@graph":[{"@type":"WebPage","@id":"https:\/\/decolights.eu\/product\/smart-festoon-lights-rgbw\/","url":"https:\/\/decolights.eu\/product\/smart-festoon-lights-rgbw\/","name":"Inteligentn\u00e9 fest\u00f3nov\u00e9 svietidl\u00e1 RGBW - Garancia najni\u017e\u0161ej ceny - Decolights.eu","isPartOf":{"@id":"https:\/\/decolights.eu\/#website"},"primaryImageOfPage":{"@id":"https:\/\/decolights.eu\/product\/smart-festoon-lights-rgbw\/#primaryimage"},"image":{"@id":"https:\/\/decolights.eu\/product\/smart-festoon-lights-rgbw\/#primaryimage"},"thumbnailUrl":"https:\/\/decolights.eu\/wp-content\/uploads\/2023\/04\/Nutivalguskett-RGBW-1.png","datePublished":"2023-04-01T04:43:12+00:00","dateModified":"2023-05-09T09:43:46+00:00","description":"Inteligentn\u00e1 fest\u00f3nov\u00e1 sveteln\u00e1 re\u0165az m\u00f4\u017ee by\u0165 zmenen\u00e1 na nekone\u010dn\u00e9 mno\u017estvo farieb a \u017eiari\u0165 v hudobnom rytme. Ide\u00e1lne pre dom\u00e1cnos\u0165 a p\u00e1rty. K\u00fapte teraz za najlep\u0161iu cenu!","breadcrumb":{"@id":"https:\/\/decolights.eu\/product\/smart-festoon-lights-rgbw\/#breadcrumb"},"inLanguage":"sk-SK","potentialAction":[{"@type":"ReadAction","target":["https:\/\/decolights.eu\/product\/smart-festoon-lights-rgbw\/"]}]},{"@type":"ImageObject","inLanguage":"sk-SK","@id":"https:\/\/decolights.eu\/product\/smart-festoon-lights-rgbw\/#primaryimage","url":"https:\/\/decolights.eu\/wp-content\/uploads\/2023\/04\/Nutivalguskett-RGBW-1.png","contentUrl":"https:\/\/decolights.eu\/wp-content\/uploads\/2023\/04\/Nutivalguskett-RGBW-1.png","width":600,"height":602},{"@type":"BreadcrumbList","@id":"https:\/\/decolights.eu\/product\/smart-festoon-lights-rgbw\/#breadcrumb","itemListElement":[{"@type":"ListItem","position":1,"name":"Shop","item":"https:\/\/decolights.eu\/shop\/"},{"@type":"ListItem","position":2,"name":"Smart festoon lights RGBW"}]},{"@type":"WebSite","@id":"https:\/\/decolights.eu\/#website","url":"https:\/\/decolights.eu\/","name":"decolights","description":"Led dekor\u00e1cie pre dom a z\u00e1hradu","publisher":{"@id":"https:\/\/decolights.eu\/#organization"},"alternateName":"decolights.eu","potentialAction":[{"@type":"SearchAction","target":{"@type":"EntryPoint","urlTemplate":"https:\/\/decolights.eu\/?s={search_term_string}"},"query-input":{"@type":"PropertyValueSpecification","valueRequired":true,"valueName":"search_term_string"}}],"inLanguage":"sk-SK"},{"@type":"Organization","@id":"https:\/\/decolights.eu\/#organization","name":"decolights","url":"https:\/\/decolights.eu\/","logo":{"@type":"ImageObject","inLanguage":"sk-SK","@id":"https:\/\/decolights.eu\/#\/schema\/logo\/image\/","url":"https:\/\/decolights.eu\/wp-content\/uploads\/2023\/07\/cropped-decolight-siteicon.png","contentUrl":"https:\/\/decolights.eu\/wp-content\/uploads\/2023\/07\/cropped-decolight-siteicon.png","width":512,"height":512,"caption":"decolights"},"image":{"@id":"https:\/\/decolights.eu\/#\/schema\/logo\/image\/"}}]}},"jetpack_sharing_enabled":true,"_links":{"self":[{"href":"https:\/\/decolights.eu\/sk\/wp-json\/wp\/v2\/product\/6289","targetHints":{"allow":["GET"]}}],"collection":[{"href":"https:\/\/decolights.eu\/sk\/wp-json\/wp\/v2\/product"}],"about":[{"href":"https:\/\/decolights.eu\/sk\/wp-json\/wp\/v2\/types\/product"}],"replies":[{"embeddable":true,"href":"https:\/\/decolights.eu\/sk\/wp-json\/wp\/v2\/comments?post=6289"}],"wp:featuredmedia":[{"embeddable":true,"href":"https:\/\/decolights.eu\/sk\/wp-json\/wp\/v2\/media\/6414"}],"wp:attachment":[{"href":"https:\/\/decolights.eu\/sk\/wp-json\/wp\/v2\/media?parent=6289"}],"wp:term":[{"taxonomy":"product_brand","embeddable":true,"href":"https:\/\/decolights.eu\/sk\/wp-json\/wp\/v2\/product_brand?post=6289"},{"taxonomy":"product_cat","embeddable":true,"href":"https:\/\/decolights.eu\/sk\/wp-json\/wp\/v2\/product_cat?post=6289"},{"taxonomy":"product_tag","embeddable":true,"href":"https:\/\/decolights.eu\/sk\/wp-json\/wp\/v2\/product_tag?post=6289"}],"curies":[{"name":"wp","href":"https:\/\/api.w.org\/{rel}","templated":true}]}}