{"id":6379,"date":"2023-04-01T04:44:31","date_gmt":"2023-04-01T04:44:31","guid":{"rendered":"https:\/\/decolights.eu\/?post_type=product&#038;p=6379"},"modified":"2023-04-16T14:38:16","modified_gmt":"2023-04-16T14:38:16","slug":"decorative-solar-stones-stonecube-2pcs","status":"publish","type":"product","link":"https:\/\/decolights.eu\/sk\/produkt-2\/decorative-solar-stones-stonecube-2pcs\/","title":{"rendered":"Dekorat\u00edvne slne\u010dn\u00e9 kamene \u201eStonecube\u201c 2ks"},"content":{"rendered":"<p>Tieto kamene nap\u00e1jan\u00e9 sol\u00e1rnou bat\u00e9riou svietia po\u010das noci tepl\u00fdm bielym svetlom. \u013dahko sa umiest\u0148uj\u00fa do chodieb, tr\u00e1vnikov, balk\u00f3nov alebo ako in\u00e1 dekor\u00e1cia. Sol\u00e1rne lampy s\u00fa tmavo hnedo\u0161ed\u00e9, v\u010faka \u010domu \u013eahko zapadn\u00fa do va\u0161ej z\u00e1hrady. Nezabudnite ich umiestni\u0165 tak, aby slnko mohlo nab\u00edja\u0165 sol\u00e1rnu bat\u00e9riu po\u010das d\u0148a.<\/p>\n<ul>\n<li><strong>Farba<\/strong>: \u0161ed\u00e1<\/li>\n<li><strong>Farba LED:\u00a0<\/strong>tepl\u00e1 biela<\/li>\n<li>Vr\u00e1tane 2 cestn\u00fdch svetiel<\/li>\n<li><strong>Ve\u013ekos\u0165:\u00a0 <\/strong>8 (\u0161\u00edrka) x 8,50 (v\u00fd\u0161ka) x 8 (h\u013abka) CM<\/li>\n<li><strong>\u010casova\u010d:\u00a0<\/strong>Svieti v tme<\/li>\n<li><strong>Zdroj energie:\u00a0<\/strong>Sol\u00e1rne<\/li>\n<li><strong>Hodnotenie IP: <\/strong>IP44<\/li>\n<li><strong>CE certifikovan\u00e9:\u00a0<\/strong>\u00c1no<\/li>\n<li>1,2V DC<\/li>\n<\/ul>","protected":false},"excerpt":{"rendered":"<p>These stones powered with solar battery illuminate during the night with warm white light. They are easy to place in hallways, lawns, balconies or as other decoration. The solar lamps are dark brownish grey, which makes them easily blend into your garden. Remember to place them so the sun can charge the solar battery during [&#8230;]\n","protected":false},"featured_media":6505,"comment_status":"open","ping_status":"closed","template":"","meta":[],"product_brand":[],"product_cat":[226,231,194,171],"product_tag":[],"class_list":{"0":"post-6379","1":"product","2":"type-product","3":"status-publish","4":"has-post-thumbnail","6":"product_cat-outdoor-lights","7":"product_cat-solar-decking-lights-outdoor-lights","8":"product_cat-solar-decking-lights","9":"product_cat-solar-lights","10":"pa_brand-deco","11":"pa_led-colour-warm-white","13":"first","14":"instock","15":"sale","16":"shipping-taxable","17":"purchasable","18":"product-type-simple"},"yoast_head":"<!-- This site is optimized with the Yoast SEO plugin v27.3 - https:\/\/yoast.com\/product\/yoast-seo-wordpress\/ -->\n<title>Decorative solar stones &quot;Stonecube&quot; 2pcs - For best price - Decolights.eu<\/title>\n<meta name=\"description\" content=\"Decorative solar stones are easy to place in hallways, lawns, balconies or as other decoration. They will light up your way! Don&#039;t hesitate, buy now!\" \/>\n<meta name=\"robots\" content=\"index, follow, max-snippet:-1, max-image-preview:large, max-video-preview:-1\" \/>\n<link rel=\"canonical\" href=\"https:\/\/decolights.eu\/sk\/produkt-2\/decorative-solar-stones-stonecube-2pcs\/\" \/>\n<meta property=\"og:locale\" content=\"sk_SK\" \/>\n<meta property=\"og:type\" content=\"article\" \/>\n<meta property=\"og:title\" content=\"Decorative solar stones &quot;Stonecube&quot; 2pcs - For best price - Decolights.eu\" \/>\n<meta property=\"og:description\" content=\"Decorative solar stones are easy to place in hallways, lawns, balconies or as other decoration. They will light up your way! Don&#039;t hesitate, buy now!\" \/>\n<meta property=\"og:url\" content=\"https:\/\/decolights.eu\/sk\/produkt-2\/decorative-solar-stones-stonecube-2pcs\/\" \/>\n<meta property=\"og:site_name\" content=\"Decolights.eu\" \/>\n<meta property=\"article:modified_time\" content=\"2023-04-16T14:38:16+00:00\" \/>\n<meta property=\"og:image\" content=\"https:\/\/decolights.eu\/wp-content\/uploads\/2023\/04\/482-63_M2.png\" \/>\n\t<meta property=\"og:image:width\" content=\"600\" \/>\n\t<meta property=\"og:image:height\" content=\"602\" \/>\n\t<meta property=\"og:image:type\" content=\"image\/png\" \/>\n<meta name=\"twitter:card\" content=\"summary_large_image\" \/>\n<meta name=\"twitter:label1\" content=\"Predpokladan\u00fd \u010das \u010d\u00edtania\" \/>\n\t<meta name=\"twitter:data1\" content=\"1 min\u00fata\" \/>\n<script type=\"application\/ld+json\" class=\"yoast-schema-graph\">{\"@context\":\"https:\\\/\\\/schema.org\",\"@graph\":[{\"@type\":\"WebPage\",\"@id\":\"https:\\\/\\\/decolights.eu\\\/product\\\/decorative-solar-stones-stonecube-2pcs\\\/\",\"url\":\"https:\\\/\\\/decolights.eu\\\/product\\\/decorative-solar-stones-stonecube-2pcs\\\/\",\"name\":\"Decorative solar stones \\\"Stonecube\\\" 2pcs - For best price - Decolights.eu\",\"isPartOf\":{\"@id\":\"https:\\\/\\\/decolights.eu\\\/#website\"},\"primaryImageOfPage\":{\"@id\":\"https:\\\/\\\/decolights.eu\\\/product\\\/decorative-solar-stones-stonecube-2pcs\\\/#primaryimage\"},\"image\":{\"@id\":\"https:\\\/\\\/decolights.eu\\\/product\\\/decorative-solar-stones-stonecube-2pcs\\\/#primaryimage\"},\"thumbnailUrl\":\"https:\\\/\\\/decolights.eu\\\/wp-content\\\/uploads\\\/2023\\\/04\\\/482-63_M2.png\",\"datePublished\":\"2023-04-01T04:44:31+00:00\",\"dateModified\":\"2023-04-16T14:38:16+00:00\",\"description\":\"Decorative solar stones are easy to place in hallways, lawns, balconies or as other decoration. They will light up your way! Don't hesitate, buy now!\",\"breadcrumb\":{\"@id\":\"https:\\\/\\\/decolights.eu\\\/product\\\/decorative-solar-stones-stonecube-2pcs\\\/#breadcrumb\"},\"inLanguage\":\"sk-SK\",\"potentialAction\":[{\"@type\":\"ReadAction\",\"target\":[\"https:\\\/\\\/decolights.eu\\\/product\\\/decorative-solar-stones-stonecube-2pcs\\\/\"]}]},{\"@type\":\"ImageObject\",\"inLanguage\":\"sk-SK\",\"@id\":\"https:\\\/\\\/decolights.eu\\\/product\\\/decorative-solar-stones-stonecube-2pcs\\\/#primaryimage\",\"url\":\"https:\\\/\\\/decolights.eu\\\/wp-content\\\/uploads\\\/2023\\\/04\\\/482-63_M2.png\",\"contentUrl\":\"https:\\\/\\\/decolights.eu\\\/wp-content\\\/uploads\\\/2023\\\/04\\\/482-63_M2.png\",\"width\":600,\"height\":602},{\"@type\":\"BreadcrumbList\",\"@id\":\"https:\\\/\\\/decolights.eu\\\/product\\\/decorative-solar-stones-stonecube-2pcs\\\/#breadcrumb\",\"itemListElement\":[{\"@type\":\"ListItem\",\"position\":1,\"name\":\"Shop\",\"item\":\"https:\\\/\\\/decolights.eu\\\/shop\\\/\"},{\"@type\":\"ListItem\",\"position\":2,\"name\":\"Decorative solar stones &#8220;Stonecube&#8221; 2pcs\"}]},{\"@type\":\"WebSite\",\"@id\":\"https:\\\/\\\/decolights.eu\\\/#website\",\"url\":\"https:\\\/\\\/decolights.eu\\\/\",\"name\":\"decolights\",\"description\":\"Led Decorations for Home and Garden\",\"publisher\":{\"@id\":\"https:\\\/\\\/decolights.eu\\\/#organization\"},\"alternateName\":\"decolights.eu\",\"potentialAction\":[{\"@type\":\"SearchAction\",\"target\":{\"@type\":\"EntryPoint\",\"urlTemplate\":\"https:\\\/\\\/decolights.eu\\\/?s={search_term_string}\"},\"query-input\":{\"@type\":\"PropertyValueSpecification\",\"valueRequired\":true,\"valueName\":\"search_term_string\"}}],\"inLanguage\":\"sk-SK\"},{\"@type\":\"Organization\",\"@id\":\"https:\\\/\\\/decolights.eu\\\/#organization\",\"name\":\"decolights\",\"url\":\"https:\\\/\\\/decolights.eu\\\/\",\"logo\":{\"@type\":\"ImageObject\",\"inLanguage\":\"sk-SK\",\"@id\":\"https:\\\/\\\/decolights.eu\\\/#\\\/schema\\\/logo\\\/image\\\/\",\"url\":\"https:\\\/\\\/decolights.eu\\\/wp-content\\\/uploads\\\/2023\\\/07\\\/cropped-decolight-siteicon.png\",\"contentUrl\":\"https:\\\/\\\/decolights.eu\\\/wp-content\\\/uploads\\\/2023\\\/07\\\/cropped-decolight-siteicon.png\",\"width\":512,\"height\":512,\"caption\":\"decolights\"},\"image\":{\"@id\":\"https:\\\/\\\/decolights.eu\\\/#\\\/schema\\\/logo\\\/image\\\/\"}}]}<\/script>\n<!-- \/ Yoast SEO plugin. -->","yoast_head_json":{"title":"Dekorat\u00edvne sol\u00e1rne kamene &quot;Stonecube&quot; 2ks - Za najlep\u0161iu cenu - Decolights.eu","description":"Dekorat\u00edvne sol\u00e1rne kamene sa \u013eahko umiest\u0148uj\u00fa do chodieb, tr\u00e1vnikov, balk\u00f3nov alebo ako in\u00e1 dekor\u00e1cia. Osvetlia v\u00e1m cestu! Nev\u00e1hajte a nakupujte teraz!","robots":{"index":"index","follow":"follow","max-snippet":"max-snippet:-1","max-image-preview":"max-image-preview:large","max-video-preview":"max-video-preview:-1"},"canonical":"https:\/\/decolights.eu\/sk\/produkt-2\/decorative-solar-stones-stonecube-2pcs\/","og_locale":"sk_SK","og_type":"article","og_title":"Decorative solar stones \"Stonecube\" 2pcs - For best price - Decolights.eu","og_description":"Decorative solar stones are easy to place in hallways, lawns, balconies or as other decoration. They will light up your way! Don't hesitate, buy now!","og_url":"https:\/\/decolights.eu\/sk\/produkt-2\/decorative-solar-stones-stonecube-2pcs\/","og_site_name":"Decolights.eu","article_modified_time":"2023-04-16T14:38:16+00:00","og_image":[{"url":"https:\/\/decolights.eu\/wp-content\/uploads\/2023\/04\/482-63_M2.png","width":600,"height":602,"type":"image\/png"}],"twitter_card":"summary_large_image","twitter_misc":{"Predpokladan\u00fd \u010das \u010d\u00edtania":"1 min\u00fata"},"schema":{"@context":"https:\/\/schema.org","@graph":[{"@type":"WebPage","@id":"https:\/\/decolights.eu\/product\/decorative-solar-stones-stonecube-2pcs\/","url":"https:\/\/decolights.eu\/product\/decorative-solar-stones-stonecube-2pcs\/","name":"Dekorat\u00edvne sol\u00e1rne kamene &quot;Stonecube&quot; 2ks - Za najlep\u0161iu cenu - Decolights.eu","isPartOf":{"@id":"https:\/\/decolights.eu\/#website"},"primaryImageOfPage":{"@id":"https:\/\/decolights.eu\/product\/decorative-solar-stones-stonecube-2pcs\/#primaryimage"},"image":{"@id":"https:\/\/decolights.eu\/product\/decorative-solar-stones-stonecube-2pcs\/#primaryimage"},"thumbnailUrl":"https:\/\/decolights.eu\/wp-content\/uploads\/2023\/04\/482-63_M2.png","datePublished":"2023-04-01T04:44:31+00:00","dateModified":"2023-04-16T14:38:16+00:00","description":"Dekorat\u00edvne sol\u00e1rne kamene sa \u013eahko umiest\u0148uj\u00fa do chodieb, tr\u00e1vnikov, balk\u00f3nov alebo ako in\u00e1 dekor\u00e1cia. Osvetlia v\u00e1m cestu! Nev\u00e1hajte a nakupujte teraz!","breadcrumb":{"@id":"https:\/\/decolights.eu\/product\/decorative-solar-stones-stonecube-2pcs\/#breadcrumb"},"inLanguage":"sk-SK","potentialAction":[{"@type":"ReadAction","target":["https:\/\/decolights.eu\/product\/decorative-solar-stones-stonecube-2pcs\/"]}]},{"@type":"ImageObject","inLanguage":"sk-SK","@id":"https:\/\/decolights.eu\/product\/decorative-solar-stones-stonecube-2pcs\/#primaryimage","url":"https:\/\/decolights.eu\/wp-content\/uploads\/2023\/04\/482-63_M2.png","contentUrl":"https:\/\/decolights.eu\/wp-content\/uploads\/2023\/04\/482-63_M2.png","width":600,"height":602},{"@type":"BreadcrumbList","@id":"https:\/\/decolights.eu\/product\/decorative-solar-stones-stonecube-2pcs\/#breadcrumb","itemListElement":[{"@type":"ListItem","position":1,"name":"Shop","item":"https:\/\/decolights.eu\/shop\/"},{"@type":"ListItem","position":2,"name":"Decorative solar stones &#8220;Stonecube&#8221; 2pcs"}]},{"@type":"WebSite","@id":"https:\/\/decolights.eu\/#website","url":"https:\/\/decolights.eu\/","name":"decolights","description":"Led dekor\u00e1cie pre dom a z\u00e1hradu","publisher":{"@id":"https:\/\/decolights.eu\/#organization"},"alternateName":"decolights.eu","potentialAction":[{"@type":"SearchAction","target":{"@type":"EntryPoint","urlTemplate":"https:\/\/decolights.eu\/?s={search_term_string}"},"query-input":{"@type":"PropertyValueSpecification","valueRequired":true,"valueName":"search_term_string"}}],"inLanguage":"sk-SK"},{"@type":"Organization","@id":"https:\/\/decolights.eu\/#organization","name":"decolights","url":"https:\/\/decolights.eu\/","logo":{"@type":"ImageObject","inLanguage":"sk-SK","@id":"https:\/\/decolights.eu\/#\/schema\/logo\/image\/","url":"https:\/\/decolights.eu\/wp-content\/uploads\/2023\/07\/cropped-decolight-siteicon.png","contentUrl":"https:\/\/decolights.eu\/wp-content\/uploads\/2023\/07\/cropped-decolight-siteicon.png","width":512,"height":512,"caption":"decolights"},"image":{"@id":"https:\/\/decolights.eu\/#\/schema\/logo\/image\/"}}]}},"jetpack_sharing_enabled":true,"_links":{"self":[{"href":"https:\/\/decolights.eu\/sk\/wp-json\/wp\/v2\/product\/6379","targetHints":{"allow":["GET"]}}],"collection":[{"href":"https:\/\/decolights.eu\/sk\/wp-json\/wp\/v2\/product"}],"about":[{"href":"https:\/\/decolights.eu\/sk\/wp-json\/wp\/v2\/types\/product"}],"replies":[{"embeddable":true,"href":"https:\/\/decolights.eu\/sk\/wp-json\/wp\/v2\/comments?post=6379"}],"wp:featuredmedia":[{"embeddable":true,"href":"https:\/\/decolights.eu\/sk\/wp-json\/wp\/v2\/media\/6505"}],"wp:attachment":[{"href":"https:\/\/decolights.eu\/sk\/wp-json\/wp\/v2\/media?parent=6379"}],"wp:term":[{"taxonomy":"product_brand","embeddable":true,"href":"https:\/\/decolights.eu\/sk\/wp-json\/wp\/v2\/product_brand?post=6379"},{"taxonomy":"product_cat","embeddable":true,"href":"https:\/\/decolights.eu\/sk\/wp-json\/wp\/v2\/product_cat?post=6379"},{"taxonomy":"product_tag","embeddable":true,"href":"https:\/\/decolights.eu\/sk\/wp-json\/wp\/v2\/product_tag?post=6379"}],"curies":[{"name":"wp","href":"https:\/\/api.w.org\/{rel}","templated":true}]}}