{"id":6395,"date":"2023-04-01T04:44:52","date_gmt":"2023-04-01T04:44:52","guid":{"rendered":"https:\/\/decolights.eu\/?post_type=product&#038;p=6395"},"modified":"2023-06-20T17:56:07","modified_gmt":"2023-06-20T17:56:07","slug":"decorative-solar-butterfly","status":"publish","type":"product","link":"https:\/\/decolights.eu\/sk\/produkt-2\/decorative-solar-butterfly\/","title":{"rendered":"Dekorat\u00edvny sol\u00e1rny mot\u00fd\u013e"},"content":{"rendered":"<p>Sol\u00e1rny mot\u00fd\u013e je z\u00e1hradn\u00e1 dekor\u00e1cia v podobe mot\u00fd\u013ea z kovu bronzovej farby s vyrez\u00e1van\u00fdm vzorom. Je to kr\u00e1sna dekor\u00e1cia a \u013eahko sa umiestni do z\u00e1hrady alebo na balk\u00f3n \u010di terasu. Svetlo Butterfly bude v noci svieti\u0165 \u017elt\u00fdm ne\u00f3nov\u00fdm lanom. Umiestnite dekor\u00e1ciu sol\u00e1rnych \u010dl\u00e1nkov na miesto, kde m\u00f4\u017ee slnko po\u010das d\u0148a dosiahnu\u0165 panel, aby ste z\u00edskali maxim\u00e1lne nabitie sol\u00e1rnej bat\u00e9rie.<\/p>\n<ul>\n<li><strong>Farba:\u00a0<\/strong>me\u010f<\/li>\n<li><strong>Farba LED:<\/strong> tepl\u00e1 biela<\/li>\n<li><strong>Ve\u013ekos\u0165: <\/strong>18 (\u0161\u00edrka) x 80 (v\u00fd\u0161ka) x 11 (h\u013abka) CM<\/li>\n<li><strong>Hodnotenie IP: <\/strong>IP44<\/li>\n<li><strong>Zdroj energie:\u00a0<\/strong>Sol\u00e1rne<\/li>\n<li><strong>\u010casova\u010d:\u00a0<\/strong>Svieti v tme<\/li>\n<li><strong>CE certifikovan\u00e9:\u00a0<\/strong>\u00c1no<\/li>\n<li>1,2V DC<\/li>\n<\/ul>","protected":false},"excerpt":{"rendered":"<p>The solar Butterfly is a garden decoration in the form of a butterfly in bronze-coloured metal with an out-cut pattern. It is beautiful decoration and is easily placed in the garden or on a balcony or terrace. The Butterfly light will light up with yellow neon rope during the night. Place the solar cell decoration [&#8230;]\n","protected":false},"featured_media":43842,"comment_status":"open","ping_status":"closed","template":"","meta":[],"product_brand":[],"product_cat":[226,194,231,171],"product_tag":[],"class_list":{"0":"post-6395","1":"product","2":"type-product","3":"status-publish","4":"has-post-thumbnail","6":"product_cat-outdoor-lights","7":"product_cat-solar-decking-lights","8":"product_cat-solar-decking-lights-outdoor-lights","9":"product_cat-solar-lights","10":"pa_brand-deco","11":"pa_led-colour-warm-white","13":"first","14":"instock","15":"sale","16":"shipping-taxable","17":"purchasable","18":"product-type-simple"},"yoast_head":"<!-- This site is optimized with the Yoast SEO plugin v27.3 - https:\/\/yoast.com\/product\/yoast-seo-wordpress\/ -->\n<title>Decorative Solar Butterfly - Decolights.eu<\/title>\n<meta name=\"description\" content=\"Beautiful solar decoration butterfly will create magical atmosphere in your garden. Do not miss out best prices and purchase solar butterfly today!\" \/>\n<meta name=\"robots\" content=\"index, follow, max-snippet:-1, max-image-preview:large, max-video-preview:-1\" \/>\n<link rel=\"canonical\" href=\"https:\/\/decolights.eu\/sk\/produkt-2\/decorative-solar-butterfly\/\" \/>\n<meta property=\"og:locale\" content=\"sk_SK\" \/>\n<meta property=\"og:type\" content=\"article\" \/>\n<meta property=\"og:title\" content=\"Decorative Solar Butterfly - Decolights.eu\" \/>\n<meta property=\"og:description\" content=\"Beautiful solar decoration butterfly will create magical atmosphere in your garden. Do not miss out best prices and purchase solar butterfly today!\" \/>\n<meta property=\"og:url\" content=\"https:\/\/decolights.eu\/sk\/produkt-2\/decorative-solar-butterfly\/\" \/>\n<meta property=\"og:site_name\" content=\"Decolights.eu\" \/>\n<meta property=\"article:modified_time\" content=\"2023-06-20T17:56:07+00:00\" \/>\n<meta property=\"og:image\" content=\"https:\/\/decolights.eu\/wp-content\/uploads\/2023\/04\/482-46_M2_2.jpg\" \/>\n\t<meta property=\"og:image:width\" content=\"600\" \/>\n\t<meta property=\"og:image:height\" content=\"602\" \/>\n\t<meta property=\"og:image:type\" content=\"image\/jpeg\" \/>\n<meta name=\"twitter:card\" content=\"summary_large_image\" \/>\n<meta name=\"twitter:label1\" content=\"Predpokladan\u00fd \u010das \u010d\u00edtania\" \/>\n\t<meta name=\"twitter:data1\" content=\"1 min\u00fata\" \/>\n<script type=\"application\/ld+json\" class=\"yoast-schema-graph\">{\"@context\":\"https:\\\/\\\/schema.org\",\"@graph\":[{\"@type\":\"WebPage\",\"@id\":\"https:\\\/\\\/decolights.eu\\\/product\\\/decorative-solar-butterfly\\\/\",\"url\":\"https:\\\/\\\/decolights.eu\\\/product\\\/decorative-solar-butterfly\\\/\",\"name\":\"Decorative Solar Butterfly - Decolights.eu\",\"isPartOf\":{\"@id\":\"https:\\\/\\\/decolights.eu\\\/#website\"},\"primaryImageOfPage\":{\"@id\":\"https:\\\/\\\/decolights.eu\\\/product\\\/decorative-solar-butterfly\\\/#primaryimage\"},\"image\":{\"@id\":\"https:\\\/\\\/decolights.eu\\\/product\\\/decorative-solar-butterfly\\\/#primaryimage\"},\"thumbnailUrl\":\"https:\\\/\\\/decolights.eu\\\/wp-content\\\/uploads\\\/2023\\\/04\\\/482-46_M2_2.jpg\",\"datePublished\":\"2023-04-01T04:44:52+00:00\",\"dateModified\":\"2023-06-20T17:56:07+00:00\",\"description\":\"Beautiful solar decoration butterfly will create magical atmosphere in your garden. Do not miss out best prices and purchase solar butterfly today!\",\"breadcrumb\":{\"@id\":\"https:\\\/\\\/decolights.eu\\\/product\\\/decorative-solar-butterfly\\\/#breadcrumb\"},\"inLanguage\":\"sk-SK\",\"potentialAction\":[{\"@type\":\"ReadAction\",\"target\":[\"https:\\\/\\\/decolights.eu\\\/product\\\/decorative-solar-butterfly\\\/\"]}]},{\"@type\":\"ImageObject\",\"inLanguage\":\"sk-SK\",\"@id\":\"https:\\\/\\\/decolights.eu\\\/product\\\/decorative-solar-butterfly\\\/#primaryimage\",\"url\":\"https:\\\/\\\/decolights.eu\\\/wp-content\\\/uploads\\\/2023\\\/04\\\/482-46_M2_2.jpg\",\"contentUrl\":\"https:\\\/\\\/decolights.eu\\\/wp-content\\\/uploads\\\/2023\\\/04\\\/482-46_M2_2.jpg\",\"width\":600,\"height\":602},{\"@type\":\"BreadcrumbList\",\"@id\":\"https:\\\/\\\/decolights.eu\\\/product\\\/decorative-solar-butterfly\\\/#breadcrumb\",\"itemListElement\":[{\"@type\":\"ListItem\",\"position\":1,\"name\":\"Shop\",\"item\":\"https:\\\/\\\/decolights.eu\\\/shop\\\/\"},{\"@type\":\"ListItem\",\"position\":2,\"name\":\"Decorative Solar Butterfly\"}]},{\"@type\":\"WebSite\",\"@id\":\"https:\\\/\\\/decolights.eu\\\/#website\",\"url\":\"https:\\\/\\\/decolights.eu\\\/\",\"name\":\"decolights\",\"description\":\"Led Decorations for Home and Garden\",\"publisher\":{\"@id\":\"https:\\\/\\\/decolights.eu\\\/#organization\"},\"alternateName\":\"decolights.eu\",\"potentialAction\":[{\"@type\":\"SearchAction\",\"target\":{\"@type\":\"EntryPoint\",\"urlTemplate\":\"https:\\\/\\\/decolights.eu\\\/?s={search_term_string}\"},\"query-input\":{\"@type\":\"PropertyValueSpecification\",\"valueRequired\":true,\"valueName\":\"search_term_string\"}}],\"inLanguage\":\"sk-SK\"},{\"@type\":\"Organization\",\"@id\":\"https:\\\/\\\/decolights.eu\\\/#organization\",\"name\":\"decolights\",\"url\":\"https:\\\/\\\/decolights.eu\\\/\",\"logo\":{\"@type\":\"ImageObject\",\"inLanguage\":\"sk-SK\",\"@id\":\"https:\\\/\\\/decolights.eu\\\/#\\\/schema\\\/logo\\\/image\\\/\",\"url\":\"https:\\\/\\\/decolights.eu\\\/wp-content\\\/uploads\\\/2023\\\/07\\\/cropped-decolight-siteicon.png\",\"contentUrl\":\"https:\\\/\\\/decolights.eu\\\/wp-content\\\/uploads\\\/2023\\\/07\\\/cropped-decolight-siteicon.png\",\"width\":512,\"height\":512,\"caption\":\"decolights\"},\"image\":{\"@id\":\"https:\\\/\\\/decolights.eu\\\/#\\\/schema\\\/logo\\\/image\\\/\"}}]}<\/script>\n<!-- \/ Yoast SEO plugin. -->","yoast_head_json":{"title":"Dekorat\u00edvny sol\u00e1rny mot\u00fd\u013e - Decolights.eu","description":"Kr\u00e1sna sol\u00e1rna dekor\u00e1cia mot\u00fd\u013e vytvor\u00ed \u010darovn\u00fa atmosf\u00e9ru vo va\u0161ej z\u00e1hrade. Nepreme\u0161kajte najlep\u0161ie ceny a k\u00fapte si sol\u00e1rny mot\u00fd\u013e e\u0161te dnes!","robots":{"index":"index","follow":"follow","max-snippet":"max-snippet:-1","max-image-preview":"max-image-preview:large","max-video-preview":"max-video-preview:-1"},"canonical":"https:\/\/decolights.eu\/sk\/produkt-2\/decorative-solar-butterfly\/","og_locale":"sk_SK","og_type":"article","og_title":"Decorative Solar Butterfly - Decolights.eu","og_description":"Beautiful solar decoration butterfly will create magical atmosphere in your garden. Do not miss out best prices and purchase solar butterfly today!","og_url":"https:\/\/decolights.eu\/sk\/produkt-2\/decorative-solar-butterfly\/","og_site_name":"Decolights.eu","article_modified_time":"2023-06-20T17:56:07+00:00","og_image":[{"width":600,"height":602,"url":"https:\/\/decolights.eu\/wp-content\/uploads\/2023\/04\/482-46_M2_2.jpg","type":"image\/jpeg"}],"twitter_card":"summary_large_image","twitter_misc":{"Predpokladan\u00fd \u010das \u010d\u00edtania":"1 min\u00fata"},"schema":{"@context":"https:\/\/schema.org","@graph":[{"@type":"WebPage","@id":"https:\/\/decolights.eu\/product\/decorative-solar-butterfly\/","url":"https:\/\/decolights.eu\/product\/decorative-solar-butterfly\/","name":"Dekorat\u00edvny sol\u00e1rny mot\u00fd\u013e - Decolights.eu","isPartOf":{"@id":"https:\/\/decolights.eu\/#website"},"primaryImageOfPage":{"@id":"https:\/\/decolights.eu\/product\/decorative-solar-butterfly\/#primaryimage"},"image":{"@id":"https:\/\/decolights.eu\/product\/decorative-solar-butterfly\/#primaryimage"},"thumbnailUrl":"https:\/\/decolights.eu\/wp-content\/uploads\/2023\/04\/482-46_M2_2.jpg","datePublished":"2023-04-01T04:44:52+00:00","dateModified":"2023-06-20T17:56:07+00:00","description":"Kr\u00e1sna sol\u00e1rna dekor\u00e1cia mot\u00fd\u013e vytvor\u00ed \u010darovn\u00fa atmosf\u00e9ru vo va\u0161ej z\u00e1hrade. Nepreme\u0161kajte najlep\u0161ie ceny a k\u00fapte si sol\u00e1rny mot\u00fd\u013e e\u0161te dnes!","breadcrumb":{"@id":"https:\/\/decolights.eu\/product\/decorative-solar-butterfly\/#breadcrumb"},"inLanguage":"sk-SK","potentialAction":[{"@type":"ReadAction","target":["https:\/\/decolights.eu\/product\/decorative-solar-butterfly\/"]}]},{"@type":"ImageObject","inLanguage":"sk-SK","@id":"https:\/\/decolights.eu\/product\/decorative-solar-butterfly\/#primaryimage","url":"https:\/\/decolights.eu\/wp-content\/uploads\/2023\/04\/482-46_M2_2.jpg","contentUrl":"https:\/\/decolights.eu\/wp-content\/uploads\/2023\/04\/482-46_M2_2.jpg","width":600,"height":602},{"@type":"BreadcrumbList","@id":"https:\/\/decolights.eu\/product\/decorative-solar-butterfly\/#breadcrumb","itemListElement":[{"@type":"ListItem","position":1,"name":"Shop","item":"https:\/\/decolights.eu\/shop\/"},{"@type":"ListItem","position":2,"name":"Decorative Solar Butterfly"}]},{"@type":"WebSite","@id":"https:\/\/decolights.eu\/#website","url":"https:\/\/decolights.eu\/","name":"decolights","description":"Led dekor\u00e1cie pre dom a z\u00e1hradu","publisher":{"@id":"https:\/\/decolights.eu\/#organization"},"alternateName":"decolights.eu","potentialAction":[{"@type":"SearchAction","target":{"@type":"EntryPoint","urlTemplate":"https:\/\/decolights.eu\/?s={search_term_string}"},"query-input":{"@type":"PropertyValueSpecification","valueRequired":true,"valueName":"search_term_string"}}],"inLanguage":"sk-SK"},{"@type":"Organization","@id":"https:\/\/decolights.eu\/#organization","name":"decolights","url":"https:\/\/decolights.eu\/","logo":{"@type":"ImageObject","inLanguage":"sk-SK","@id":"https:\/\/decolights.eu\/#\/schema\/logo\/image\/","url":"https:\/\/decolights.eu\/wp-content\/uploads\/2023\/07\/cropped-decolight-siteicon.png","contentUrl":"https:\/\/decolights.eu\/wp-content\/uploads\/2023\/07\/cropped-decolight-siteicon.png","width":512,"height":512,"caption":"decolights"},"image":{"@id":"https:\/\/decolights.eu\/#\/schema\/logo\/image\/"}}]}},"jetpack_sharing_enabled":true,"_links":{"self":[{"href":"https:\/\/decolights.eu\/sk\/wp-json\/wp\/v2\/product\/6395","targetHints":{"allow":["GET"]}}],"collection":[{"href":"https:\/\/decolights.eu\/sk\/wp-json\/wp\/v2\/product"}],"about":[{"href":"https:\/\/decolights.eu\/sk\/wp-json\/wp\/v2\/types\/product"}],"replies":[{"embeddable":true,"href":"https:\/\/decolights.eu\/sk\/wp-json\/wp\/v2\/comments?post=6395"}],"wp:featuredmedia":[{"embeddable":true,"href":"https:\/\/decolights.eu\/sk\/wp-json\/wp\/v2\/media\/43842"}],"wp:attachment":[{"href":"https:\/\/decolights.eu\/sk\/wp-json\/wp\/v2\/media?parent=6395"}],"wp:term":[{"taxonomy":"product_brand","embeddable":true,"href":"https:\/\/decolights.eu\/sk\/wp-json\/wp\/v2\/product_brand?post=6395"},{"taxonomy":"product_cat","embeddable":true,"href":"https:\/\/decolights.eu\/sk\/wp-json\/wp\/v2\/product_cat?post=6395"},{"taxonomy":"product_tag","embeddable":true,"href":"https:\/\/decolights.eu\/sk\/wp-json\/wp\/v2\/product_tag?post=6395"}],"curies":[{"name":"wp","href":"https:\/\/api.w.org\/{rel}","templated":true}]}}