{"id":6427,"date":"2023-04-01T04:45:16","date_gmt":"2023-04-01T04:45:16","guid":{"rendered":"https:\/\/decolights.eu\/?post_type=product&#038;p=6427"},"modified":"2023-04-16T12:15:22","modified_gmt":"2023-04-16T12:15:22","slug":"decorative-led-lamp-twine-brown","status":"publish","type":"product","link":"https:\/\/decolights.eu\/sk\/produkt-2\/decorative-led-lamp-twine-brown\/","title":{"rendered":"Dekorat\u00edvna LED lampa Twine \u010dierna"},"content":{"rendered":"<p>\u0160t\u00fdlov\u00e9 tienidlo z \u010dierneho plastov\u00e9ho ratanu na vonkaj\u0161iu dekor\u00e1ciu, vn\u00fatri \u017eiarovka s v\u00edriv\u00fdm vl\u00e1knom LED.<\/p>\n<ul>\n<li><strong>Farba tienidla:<\/strong> \u010dierna<\/li>\n<li dir=\"ltr\" data-placeholder=\"Translation\"><strong>Farba LED \u017eiarovky:<\/strong> tepl\u00e1 biela<\/li>\n<li dir=\"ltr\" data-placeholder=\"Translation\"><strong>Farba k\u00e1bla:\u00a0<\/strong>\u010dierna<\/li>\n<li dir=\"ltr\" data-placeholder=\"Translation\"><strong>Ve\u013ekos\u0165:<\/strong> 15 x 15 x 15 cm<\/li>\n<li dir=\"ltr\" data-placeholder=\"Translation\"><strong>Zdroj energie:<\/strong> 4 x AA bat\u00e9rie (nie s\u00fa s\u00fa\u010das\u0165ou balenia)<\/li>\n<li dir=\"ltr\" data-placeholder=\"Translation\"><strong>\u010casova\u010d:<\/strong> 6 hod\u00edn zapnut\u00e9\/18 hod\u00edn vypnut\u00e9, opakujte<\/li>\n<li dir=\"ltr\" data-placeholder=\"Translation\"><strong>Hodnotenie IP<\/strong>: IP44<\/li>\n<li dir=\"ltr\" data-placeholder=\"Translation\"><strong>Pripojite\u013en\u00e9:\u00a0<\/strong>Nie<\/li>\n<li dir=\"ltr\" data-placeholder=\"Translation\"><strong>Uz\u00e1ver\/z\u00e1suvka: <\/strong>Nenahradite\u013en\u00e9<\/li>\n<li dir=\"ltr\" data-placeholder=\"Translation\"><strong>Materi\u00e1l k\u00e1bla:\u00a0<\/strong>PVC<\/li>\n<li dir=\"ltr\" data-placeholder=\"Translation\"><strong>CE certifikovan\u00e9:<\/strong> \u00c1no<\/li>\n<\/ul>","protected":false},"excerpt":{"rendered":"<p>Stylish lampshade in black plastic rattan for outdoor decoration, bulb with swirl filament LED inside. Lampshade colour: black LED Bulb Colour: warm white Cable colour:\u00a0black Size: 15 x 15 x 15 cm Power source: 4 x AA batteries (not included) Timer: 6H on\/18H off, repeat IP Rating: IP44 Connectable:\u00a0No Cap\/Socket: Non replaceable Cable material:\u00a0PVC CE [&#8230;]\n","protected":false},"featured_media":6540,"comment_status":"open","ping_status":"closed","template":"","meta":[],"product_brand":[],"product_cat":[217,218,214,226,230],"product_tag":[],"class_list":{"0":"post-6427","1":"product","2":"type-product","3":"status-publish","4":"has-post-thumbnail","6":"product_cat-battery-operated-led-lights","7":"product_cat-decorative-led-lights","8":"product_cat-indoor-lights","9":"product_cat-outdoor-lights","10":"product_cat-patio-lights","11":"pa_brand-deco","12":"pa_led-colour-warm-white","14":"first","15":"instock","16":"sale","17":"shipping-taxable","18":"purchasable","19":"product-type-simple"},"yoast_head":"<!-- This site is optimized with the Yoast SEO plugin v27.3 - https:\/\/yoast.com\/product\/yoast-seo-wordpress\/ -->\n<title>Decorative LED lamp Twine black - The best price guarantee - Decolights.eu<\/title>\n<meta name=\"description\" content=\"Decorative hanging LED lamp for outdoor decoration will add a cozy touch to your patio. Buy now for the best price and enjoy an awesome result!\" \/>\n<meta name=\"robots\" content=\"index, follow, max-snippet:-1, max-image-preview:large, max-video-preview:-1\" \/>\n<link rel=\"canonical\" href=\"https:\/\/decolights.eu\/sk\/produkt-2\/decorative-led-lamp-twine-brown\/\" \/>\n<meta property=\"og:locale\" content=\"sk_SK\" \/>\n<meta property=\"og:type\" content=\"article\" \/>\n<meta property=\"og:title\" content=\"Decorative LED lamp Twine black - The best price guarantee - Decolights.eu\" \/>\n<meta property=\"og:description\" content=\"Decorative hanging LED lamp for outdoor decoration will add a cozy touch to your patio. Buy now for the best price and enjoy an awesome result!\" \/>\n<meta property=\"og:url\" content=\"https:\/\/decolights.eu\/sk\/produkt-2\/decorative-led-lamp-twine-brown\/\" \/>\n<meta property=\"og:site_name\" content=\"Decolights.eu\" \/>\n<meta property=\"article:modified_time\" content=\"2023-04-16T12:15:22+00:00\" \/>\n<meta property=\"og:image\" content=\"https:\/\/decolights.eu\/wp-content\/uploads\/2023\/04\/857-34_M2.png\" \/>\n\t<meta property=\"og:image:width\" content=\"600\" \/>\n\t<meta property=\"og:image:height\" content=\"602\" \/>\n\t<meta property=\"og:image:type\" content=\"image\/png\" \/>\n<meta name=\"twitter:card\" content=\"summary_large_image\" \/>\n<meta name=\"twitter:label1\" content=\"Predpokladan\u00fd \u010das \u010d\u00edtania\" \/>\n\t<meta name=\"twitter:data1\" content=\"1 min\u00fata\" \/>\n<script type=\"application\/ld+json\" class=\"yoast-schema-graph\">{\"@context\":\"https:\\\/\\\/schema.org\",\"@graph\":[{\"@type\":\"WebPage\",\"@id\":\"https:\\\/\\\/decolights.eu\\\/product\\\/decorative-led-lamp-twine-brown\\\/\",\"url\":\"https:\\\/\\\/decolights.eu\\\/product\\\/decorative-led-lamp-twine-brown\\\/\",\"name\":\"Decorative LED lamp Twine black - The best price guarantee - Decolights.eu\",\"isPartOf\":{\"@id\":\"https:\\\/\\\/decolights.eu\\\/#website\"},\"primaryImageOfPage\":{\"@id\":\"https:\\\/\\\/decolights.eu\\\/product\\\/decorative-led-lamp-twine-brown\\\/#primaryimage\"},\"image\":{\"@id\":\"https:\\\/\\\/decolights.eu\\\/product\\\/decorative-led-lamp-twine-brown\\\/#primaryimage\"},\"thumbnailUrl\":\"https:\\\/\\\/decolights.eu\\\/wp-content\\\/uploads\\\/2023\\\/04\\\/857-34_M2.png\",\"datePublished\":\"2023-04-01T04:45:16+00:00\",\"dateModified\":\"2023-04-16T12:15:22+00:00\",\"description\":\"Decorative hanging LED lamp for outdoor decoration will add a cozy touch to your patio. Buy now for the best price and enjoy an awesome result!\",\"breadcrumb\":{\"@id\":\"https:\\\/\\\/decolights.eu\\\/product\\\/decorative-led-lamp-twine-brown\\\/#breadcrumb\"},\"inLanguage\":\"sk-SK\",\"potentialAction\":[{\"@type\":\"ReadAction\",\"target\":[\"https:\\\/\\\/decolights.eu\\\/product\\\/decorative-led-lamp-twine-brown\\\/\"]}]},{\"@type\":\"ImageObject\",\"inLanguage\":\"sk-SK\",\"@id\":\"https:\\\/\\\/decolights.eu\\\/product\\\/decorative-led-lamp-twine-brown\\\/#primaryimage\",\"url\":\"https:\\\/\\\/decolights.eu\\\/wp-content\\\/uploads\\\/2023\\\/04\\\/857-34_M2.png\",\"contentUrl\":\"https:\\\/\\\/decolights.eu\\\/wp-content\\\/uploads\\\/2023\\\/04\\\/857-34_M2.png\",\"width\":600,\"height\":602},{\"@type\":\"BreadcrumbList\",\"@id\":\"https:\\\/\\\/decolights.eu\\\/product\\\/decorative-led-lamp-twine-brown\\\/#breadcrumb\",\"itemListElement\":[{\"@type\":\"ListItem\",\"position\":1,\"name\":\"Shop\",\"item\":\"https:\\\/\\\/decolights.eu\\\/shop\\\/\"},{\"@type\":\"ListItem\",\"position\":2,\"name\":\"Decorative LED lamp Twine black\"}]},{\"@type\":\"WebSite\",\"@id\":\"https:\\\/\\\/decolights.eu\\\/#website\",\"url\":\"https:\\\/\\\/decolights.eu\\\/\",\"name\":\"decolights\",\"description\":\"Led Decorations for Home and Garden\",\"publisher\":{\"@id\":\"https:\\\/\\\/decolights.eu\\\/#organization\"},\"alternateName\":\"decolights.eu\",\"potentialAction\":[{\"@type\":\"SearchAction\",\"target\":{\"@type\":\"EntryPoint\",\"urlTemplate\":\"https:\\\/\\\/decolights.eu\\\/?s={search_term_string}\"},\"query-input\":{\"@type\":\"PropertyValueSpecification\",\"valueRequired\":true,\"valueName\":\"search_term_string\"}}],\"inLanguage\":\"sk-SK\"},{\"@type\":\"Organization\",\"@id\":\"https:\\\/\\\/decolights.eu\\\/#organization\",\"name\":\"decolights\",\"url\":\"https:\\\/\\\/decolights.eu\\\/\",\"logo\":{\"@type\":\"ImageObject\",\"inLanguage\":\"sk-SK\",\"@id\":\"https:\\\/\\\/decolights.eu\\\/#\\\/schema\\\/logo\\\/image\\\/\",\"url\":\"https:\\\/\\\/decolights.eu\\\/wp-content\\\/uploads\\\/2023\\\/07\\\/cropped-decolight-siteicon.png\",\"contentUrl\":\"https:\\\/\\\/decolights.eu\\\/wp-content\\\/uploads\\\/2023\\\/07\\\/cropped-decolight-siteicon.png\",\"width\":512,\"height\":512,\"caption\":\"decolights\"},\"image\":{\"@id\":\"https:\\\/\\\/decolights.eu\\\/#\\\/schema\\\/logo\\\/image\\\/\"}}]}<\/script>\n<!-- \/ Yoast SEO plugin. -->","yoast_head_json":{"title":"Dekorat\u00edvna LED lampa Twine \u010dierna - Garancia najlep\u0161ej ceny - Decolights.eu","description":"Dekorat\u00edvne z\u00e1vesn\u00e9 LED svietidlo na vonkaj\u0161iu dekor\u00e1ciu dod\u00e1 va\u0161ej terase \u00fatuln\u00fd n\u00e1dych. Nak\u00fapte teraz za najlep\u0161iu cenu a u\u017eite si \u00fa\u017easn\u00fd v\u00fdsledok!","robots":{"index":"index","follow":"follow","max-snippet":"max-snippet:-1","max-image-preview":"max-image-preview:large","max-video-preview":"max-video-preview:-1"},"canonical":"https:\/\/decolights.eu\/sk\/produkt-2\/decorative-led-lamp-twine-brown\/","og_locale":"sk_SK","og_type":"article","og_title":"Decorative LED lamp Twine black - The best price guarantee - Decolights.eu","og_description":"Decorative hanging LED lamp for outdoor decoration will add a cozy touch to your patio. Buy now for the best price and enjoy an awesome result!","og_url":"https:\/\/decolights.eu\/sk\/produkt-2\/decorative-led-lamp-twine-brown\/","og_site_name":"Decolights.eu","article_modified_time":"2023-04-16T12:15:22+00:00","og_image":[{"width":600,"height":602,"url":"https:\/\/decolights.eu\/wp-content\/uploads\/2023\/04\/857-34_M2.png","type":"image\/png"}],"twitter_card":"summary_large_image","twitter_misc":{"Predpokladan\u00fd \u010das \u010d\u00edtania":"1 min\u00fata"},"schema":{"@context":"https:\/\/schema.org","@graph":[{"@type":"WebPage","@id":"https:\/\/decolights.eu\/product\/decorative-led-lamp-twine-brown\/","url":"https:\/\/decolights.eu\/product\/decorative-led-lamp-twine-brown\/","name":"Dekorat\u00edvna LED lampa Twine \u010dierna - Garancia najlep\u0161ej ceny - Decolights.eu","isPartOf":{"@id":"https:\/\/decolights.eu\/#website"},"primaryImageOfPage":{"@id":"https:\/\/decolights.eu\/product\/decorative-led-lamp-twine-brown\/#primaryimage"},"image":{"@id":"https:\/\/decolights.eu\/product\/decorative-led-lamp-twine-brown\/#primaryimage"},"thumbnailUrl":"https:\/\/decolights.eu\/wp-content\/uploads\/2023\/04\/857-34_M2.png","datePublished":"2023-04-01T04:45:16+00:00","dateModified":"2023-04-16T12:15:22+00:00","description":"Dekorat\u00edvne z\u00e1vesn\u00e9 LED svietidlo na vonkaj\u0161iu dekor\u00e1ciu dod\u00e1 va\u0161ej terase \u00fatuln\u00fd n\u00e1dych. Nak\u00fapte teraz za najlep\u0161iu cenu a u\u017eite si \u00fa\u017easn\u00fd v\u00fdsledok!","breadcrumb":{"@id":"https:\/\/decolights.eu\/product\/decorative-led-lamp-twine-brown\/#breadcrumb"},"inLanguage":"sk-SK","potentialAction":[{"@type":"ReadAction","target":["https:\/\/decolights.eu\/product\/decorative-led-lamp-twine-brown\/"]}]},{"@type":"ImageObject","inLanguage":"sk-SK","@id":"https:\/\/decolights.eu\/product\/decorative-led-lamp-twine-brown\/#primaryimage","url":"https:\/\/decolights.eu\/wp-content\/uploads\/2023\/04\/857-34_M2.png","contentUrl":"https:\/\/decolights.eu\/wp-content\/uploads\/2023\/04\/857-34_M2.png","width":600,"height":602},{"@type":"BreadcrumbList","@id":"https:\/\/decolights.eu\/product\/decorative-led-lamp-twine-brown\/#breadcrumb","itemListElement":[{"@type":"ListItem","position":1,"name":"Shop","item":"https:\/\/decolights.eu\/shop\/"},{"@type":"ListItem","position":2,"name":"Decorative LED lamp Twine black"}]},{"@type":"WebSite","@id":"https:\/\/decolights.eu\/#website","url":"https:\/\/decolights.eu\/","name":"decolights","description":"Led dekor\u00e1cie pre dom a z\u00e1hradu","publisher":{"@id":"https:\/\/decolights.eu\/#organization"},"alternateName":"decolights.eu","potentialAction":[{"@type":"SearchAction","target":{"@type":"EntryPoint","urlTemplate":"https:\/\/decolights.eu\/?s={search_term_string}"},"query-input":{"@type":"PropertyValueSpecification","valueRequired":true,"valueName":"search_term_string"}}],"inLanguage":"sk-SK"},{"@type":"Organization","@id":"https:\/\/decolights.eu\/#organization","name":"decolights","url":"https:\/\/decolights.eu\/","logo":{"@type":"ImageObject","inLanguage":"sk-SK","@id":"https:\/\/decolights.eu\/#\/schema\/logo\/image\/","url":"https:\/\/decolights.eu\/wp-content\/uploads\/2023\/07\/cropped-decolight-siteicon.png","contentUrl":"https:\/\/decolights.eu\/wp-content\/uploads\/2023\/07\/cropped-decolight-siteicon.png","width":512,"height":512,"caption":"decolights"},"image":{"@id":"https:\/\/decolights.eu\/#\/schema\/logo\/image\/"}}]}},"jetpack_sharing_enabled":true,"_links":{"self":[{"href":"https:\/\/decolights.eu\/sk\/wp-json\/wp\/v2\/product\/6427","targetHints":{"allow":["GET"]}}],"collection":[{"href":"https:\/\/decolights.eu\/sk\/wp-json\/wp\/v2\/product"}],"about":[{"href":"https:\/\/decolights.eu\/sk\/wp-json\/wp\/v2\/types\/product"}],"replies":[{"embeddable":true,"href":"https:\/\/decolights.eu\/sk\/wp-json\/wp\/v2\/comments?post=6427"}],"wp:featuredmedia":[{"embeddable":true,"href":"https:\/\/decolights.eu\/sk\/wp-json\/wp\/v2\/media\/6540"}],"wp:attachment":[{"href":"https:\/\/decolights.eu\/sk\/wp-json\/wp\/v2\/media?parent=6427"}],"wp:term":[{"taxonomy":"product_brand","embeddable":true,"href":"https:\/\/decolights.eu\/sk\/wp-json\/wp\/v2\/product_brand?post=6427"},{"taxonomy":"product_cat","embeddable":true,"href":"https:\/\/decolights.eu\/sk\/wp-json\/wp\/v2\/product_cat?post=6427"},{"taxonomy":"product_tag","embeddable":true,"href":"https:\/\/decolights.eu\/sk\/wp-json\/wp\/v2\/product_tag?post=6427"}],"curies":[{"name":"wp","href":"https:\/\/api.w.org\/{rel}","templated":true}]}}