{"id":6428,"date":"2023-04-01T04:45:16","date_gmt":"2023-04-01T04:45:16","guid":{"rendered":"https:\/\/decolights.eu\/?post_type=product&#038;p=6428"},"modified":"2023-04-16T13:39:56","modified_gmt":"2023-04-16T13:39:56","slug":"solar-path-lights-4pcs","status":"publish","type":"product","link":"https:\/\/decolights.eu\/sk\/produkt-2\/solar-path-lights-4pcs\/","title":{"rendered":"Sol\u00e1rne svetl\u00e1 4ks"},"content":{"rendered":"<p>Sol\u00e1rne svietidl\u00e1 s kr\u00e1snym vzorom na akrylovom skle, ktor\u00e9 svieti v tme. Tieto sol\u00e1rne svietidl\u00e1 poskytuj\u00fa tepl\u00e9 biele svetlo vo va\u0161ej z\u00e1hrade, balk\u00f3ne alebo terase. Umiestnite osvetlenie uli\u010dky tam, kde m\u00f4\u017ee slnko po\u010das d\u0148a dosiahnu\u0165 panel, aby ste z\u00edskali maxim\u00e1lne nabitie prilo\u017eenej bat\u00e9rie.<\/p>\n<ul>\n<li><strong>Farba<\/strong>: \u010dierna<\/li>\n<li>Vr\u00e1tane 4 cestn\u00fdch svetiel<\/li>\n<li><strong>Ve\u013ekos\u0165: <\/strong>11 (\u0161\u00edrka) x 31 (v\u00fd\u0161ka) x 11 (h\u013abka) CM<\/li>\n<li><strong>\u010casova\u010d:\u00a0<\/strong>Svieti v tme<\/li>\n<li><strong>Hodnotenie IP: <\/strong>IP44<\/li>\n<li><strong>Zdroj energie:\u00a0<\/strong>Sol\u00e1rne<\/li>\n<li><strong>Uz\u00e1ver\/z\u00e1suvka: <\/strong>Nenahradite\u013en\u00e9<\/li>\n<li><strong>CE certifikovan\u00e9:\u00a0<\/strong>\u00c1no<\/li>\n<li>1,2V DC<\/li>\n<\/ul>","protected":false},"excerpt":{"rendered":"<p>Solar path lights with a beautiful pattern over the acrylic glass that lights up in the dark. These solar path lights provide a warm white glow in your garden, balcony or terrace. Place the aisle lighting where the sun can reach the panel during the day to get the ultimate charge for the included battery. [&#8230;]\n","protected":false},"featured_media":6542,"comment_status":"open","ping_status":"closed","template":"","meta":[],"product_brand":[],"product_cat":[226,231,194,171],"product_tag":[],"class_list":{"0":"post-6428","1":"product","2":"type-product","3":"status-publish","4":"has-post-thumbnail","6":"product_cat-outdoor-lights","7":"product_cat-solar-decking-lights-outdoor-lights","8":"product_cat-solar-decking-lights","9":"product_cat-solar-lights","10":"pa_led-colour-warm-white","12":"first","13":"instock","14":"sale","15":"shipping-taxable","16":"purchasable","17":"product-type-simple"},"yoast_head":"<!-- This site is optimized with the Yoast SEO plugin v27.3 - https:\/\/yoast.com\/product\/yoast-seo-wordpress\/ -->\n<title>Solar Path Lights 4pcs - Decolights.eu<\/title>\n<meta name=\"description\" content=\"Solar path lights will provide a warm white glow in your garden, balcony or terrace. It will lighten your path to home. Don&#039;t miss the best price, buy now!\" \/>\n<meta name=\"robots\" content=\"index, follow, max-snippet:-1, max-image-preview:large, max-video-preview:-1\" \/>\n<link rel=\"canonical\" href=\"https:\/\/decolights.eu\/sk\/produkt-2\/solar-path-lights-4pcs\/\" \/>\n<meta property=\"og:locale\" content=\"sk_SK\" \/>\n<meta property=\"og:type\" content=\"article\" \/>\n<meta property=\"og:title\" content=\"Solar Path Lights 4pcs - Decolights.eu\" \/>\n<meta property=\"og:description\" content=\"Solar path lights will provide a warm white glow in your garden, balcony or terrace. It will lighten your path to home. Don&#039;t miss the best price, buy now!\" \/>\n<meta property=\"og:url\" content=\"https:\/\/decolights.eu\/sk\/produkt-2\/solar-path-lights-4pcs\/\" \/>\n<meta property=\"og:site_name\" content=\"Decolights.eu\" \/>\n<meta property=\"article:modified_time\" content=\"2023-04-16T13:39:56+00:00\" \/>\n<meta property=\"og:image\" content=\"https:\/\/decolights.eu\/wp-content\/uploads\/2023\/04\/482-78_M2.png\" \/>\n\t<meta property=\"og:image:width\" content=\"600\" \/>\n\t<meta property=\"og:image:height\" content=\"602\" \/>\n\t<meta property=\"og:image:type\" content=\"image\/png\" \/>\n<meta name=\"twitter:card\" content=\"summary_large_image\" \/>\n<meta name=\"twitter:label1\" content=\"Predpokladan\u00fd \u010das \u010d\u00edtania\" \/>\n\t<meta name=\"twitter:data1\" content=\"1 min\u00fata\" \/>\n<script type=\"application\/ld+json\" class=\"yoast-schema-graph\">{\"@context\":\"https:\\\/\\\/schema.org\",\"@graph\":[{\"@type\":\"WebPage\",\"@id\":\"https:\\\/\\\/decolights.eu\\\/product\\\/solar-path-lights-4pcs\\\/\",\"url\":\"https:\\\/\\\/decolights.eu\\\/product\\\/solar-path-lights-4pcs\\\/\",\"name\":\"Solar Path Lights 4pcs - Decolights.eu\",\"isPartOf\":{\"@id\":\"https:\\\/\\\/decolights.eu\\\/#website\"},\"primaryImageOfPage\":{\"@id\":\"https:\\\/\\\/decolights.eu\\\/product\\\/solar-path-lights-4pcs\\\/#primaryimage\"},\"image\":{\"@id\":\"https:\\\/\\\/decolights.eu\\\/product\\\/solar-path-lights-4pcs\\\/#primaryimage\"},\"thumbnailUrl\":\"https:\\\/\\\/decolights.eu\\\/wp-content\\\/uploads\\\/2023\\\/04\\\/482-78_M2.png\",\"datePublished\":\"2023-04-01T04:45:16+00:00\",\"dateModified\":\"2023-04-16T13:39:56+00:00\",\"description\":\"Solar path lights will provide a warm white glow in your garden, balcony or terrace. It will lighten your path to home. Don't miss the best price, buy now!\",\"breadcrumb\":{\"@id\":\"https:\\\/\\\/decolights.eu\\\/product\\\/solar-path-lights-4pcs\\\/#breadcrumb\"},\"inLanguage\":\"sk-SK\",\"potentialAction\":[{\"@type\":\"ReadAction\",\"target\":[\"https:\\\/\\\/decolights.eu\\\/product\\\/solar-path-lights-4pcs\\\/\"]}]},{\"@type\":\"ImageObject\",\"inLanguage\":\"sk-SK\",\"@id\":\"https:\\\/\\\/decolights.eu\\\/product\\\/solar-path-lights-4pcs\\\/#primaryimage\",\"url\":\"https:\\\/\\\/decolights.eu\\\/wp-content\\\/uploads\\\/2023\\\/04\\\/482-78_M2.png\",\"contentUrl\":\"https:\\\/\\\/decolights.eu\\\/wp-content\\\/uploads\\\/2023\\\/04\\\/482-78_M2.png\",\"width\":600,\"height\":602},{\"@type\":\"BreadcrumbList\",\"@id\":\"https:\\\/\\\/decolights.eu\\\/product\\\/solar-path-lights-4pcs\\\/#breadcrumb\",\"itemListElement\":[{\"@type\":\"ListItem\",\"position\":1,\"name\":\"Shop\",\"item\":\"https:\\\/\\\/decolights.eu\\\/shop\\\/\"},{\"@type\":\"ListItem\",\"position\":2,\"name\":\"Solar Path Lights 4pcs\"}]},{\"@type\":\"WebSite\",\"@id\":\"https:\\\/\\\/decolights.eu\\\/#website\",\"url\":\"https:\\\/\\\/decolights.eu\\\/\",\"name\":\"decolights\",\"description\":\"Led Decorations for Home and Garden\",\"publisher\":{\"@id\":\"https:\\\/\\\/decolights.eu\\\/#organization\"},\"alternateName\":\"decolights.eu\",\"potentialAction\":[{\"@type\":\"SearchAction\",\"target\":{\"@type\":\"EntryPoint\",\"urlTemplate\":\"https:\\\/\\\/decolights.eu\\\/?s={search_term_string}\"},\"query-input\":{\"@type\":\"PropertyValueSpecification\",\"valueRequired\":true,\"valueName\":\"search_term_string\"}}],\"inLanguage\":\"sk-SK\"},{\"@type\":\"Organization\",\"@id\":\"https:\\\/\\\/decolights.eu\\\/#organization\",\"name\":\"decolights\",\"url\":\"https:\\\/\\\/decolights.eu\\\/\",\"logo\":{\"@type\":\"ImageObject\",\"inLanguage\":\"sk-SK\",\"@id\":\"https:\\\/\\\/decolights.eu\\\/#\\\/schema\\\/logo\\\/image\\\/\",\"url\":\"https:\\\/\\\/decolights.eu\\\/wp-content\\\/uploads\\\/2023\\\/07\\\/cropped-decolight-siteicon.png\",\"contentUrl\":\"https:\\\/\\\/decolights.eu\\\/wp-content\\\/uploads\\\/2023\\\/07\\\/cropped-decolight-siteicon.png\",\"width\":512,\"height\":512,\"caption\":\"decolights\"},\"image\":{\"@id\":\"https:\\\/\\\/decolights.eu\\\/#\\\/schema\\\/logo\\\/image\\\/\"}}]}<\/script>\n<!-- \/ Yoast SEO plugin. -->","yoast_head_json":{"title":"Solar Path Lights 4ks - Decolights.eu","description":"Sol\u00e1rne chodn\u00edkov\u00e9 svietidl\u00e1 sa postaraj\u00fa o tepl\u00e9 biele svetlo vo va\u0161ej z\u00e1hrade, balk\u00f3ne alebo terase. U\u013eah\u010d\u00ed v\u00e1m cestu domov. Nepreme\u0161kajte najlep\u0161iu cenu, nakupujte teraz!","robots":{"index":"index","follow":"follow","max-snippet":"max-snippet:-1","max-image-preview":"max-image-preview:large","max-video-preview":"max-video-preview:-1"},"canonical":"https:\/\/decolights.eu\/sk\/produkt-2\/solar-path-lights-4pcs\/","og_locale":"sk_SK","og_type":"article","og_title":"Solar Path Lights 4pcs - Decolights.eu","og_description":"Solar path lights will provide a warm white glow in your garden, balcony or terrace. It will lighten your path to home. Don't miss the best price, buy now!","og_url":"https:\/\/decolights.eu\/sk\/produkt-2\/solar-path-lights-4pcs\/","og_site_name":"Decolights.eu","article_modified_time":"2023-04-16T13:39:56+00:00","og_image":[{"url":"https:\/\/decolights.eu\/wp-content\/uploads\/2023\/04\/482-78_M2.png","width":600,"height":602,"type":"image\/png"}],"twitter_card":"summary_large_image","twitter_misc":{"Predpokladan\u00fd \u010das \u010d\u00edtania":"1 min\u00fata"},"schema":{"@context":"https:\/\/schema.org","@graph":[{"@type":"WebPage","@id":"https:\/\/decolights.eu\/product\/solar-path-lights-4pcs\/","url":"https:\/\/decolights.eu\/product\/solar-path-lights-4pcs\/","name":"Solar Path Lights 4ks - Decolights.eu","isPartOf":{"@id":"https:\/\/decolights.eu\/#website"},"primaryImageOfPage":{"@id":"https:\/\/decolights.eu\/product\/solar-path-lights-4pcs\/#primaryimage"},"image":{"@id":"https:\/\/decolights.eu\/product\/solar-path-lights-4pcs\/#primaryimage"},"thumbnailUrl":"https:\/\/decolights.eu\/wp-content\/uploads\/2023\/04\/482-78_M2.png","datePublished":"2023-04-01T04:45:16+00:00","dateModified":"2023-04-16T13:39:56+00:00","description":"Sol\u00e1rne chodn\u00edkov\u00e9 svietidl\u00e1 sa postaraj\u00fa o tepl\u00e9 biele svetlo vo va\u0161ej z\u00e1hrade, balk\u00f3ne alebo terase. U\u013eah\u010d\u00ed v\u00e1m cestu domov. Nepreme\u0161kajte najlep\u0161iu cenu, nakupujte teraz!","breadcrumb":{"@id":"https:\/\/decolights.eu\/product\/solar-path-lights-4pcs\/#breadcrumb"},"inLanguage":"sk-SK","potentialAction":[{"@type":"ReadAction","target":["https:\/\/decolights.eu\/product\/solar-path-lights-4pcs\/"]}]},{"@type":"ImageObject","inLanguage":"sk-SK","@id":"https:\/\/decolights.eu\/product\/solar-path-lights-4pcs\/#primaryimage","url":"https:\/\/decolights.eu\/wp-content\/uploads\/2023\/04\/482-78_M2.png","contentUrl":"https:\/\/decolights.eu\/wp-content\/uploads\/2023\/04\/482-78_M2.png","width":600,"height":602},{"@type":"BreadcrumbList","@id":"https:\/\/decolights.eu\/product\/solar-path-lights-4pcs\/#breadcrumb","itemListElement":[{"@type":"ListItem","position":1,"name":"Shop","item":"https:\/\/decolights.eu\/shop\/"},{"@type":"ListItem","position":2,"name":"Solar Path Lights 4pcs"}]},{"@type":"WebSite","@id":"https:\/\/decolights.eu\/#website","url":"https:\/\/decolights.eu\/","name":"decolights","description":"Led dekor\u00e1cie pre dom a z\u00e1hradu","publisher":{"@id":"https:\/\/decolights.eu\/#organization"},"alternateName":"decolights.eu","potentialAction":[{"@type":"SearchAction","target":{"@type":"EntryPoint","urlTemplate":"https:\/\/decolights.eu\/?s={search_term_string}"},"query-input":{"@type":"PropertyValueSpecification","valueRequired":true,"valueName":"search_term_string"}}],"inLanguage":"sk-SK"},{"@type":"Organization","@id":"https:\/\/decolights.eu\/#organization","name":"decolights","url":"https:\/\/decolights.eu\/","logo":{"@type":"ImageObject","inLanguage":"sk-SK","@id":"https:\/\/decolights.eu\/#\/schema\/logo\/image\/","url":"https:\/\/decolights.eu\/wp-content\/uploads\/2023\/07\/cropped-decolight-siteicon.png","contentUrl":"https:\/\/decolights.eu\/wp-content\/uploads\/2023\/07\/cropped-decolight-siteicon.png","width":512,"height":512,"caption":"decolights"},"image":{"@id":"https:\/\/decolights.eu\/#\/schema\/logo\/image\/"}}]}},"jetpack_sharing_enabled":true,"_links":{"self":[{"href":"https:\/\/decolights.eu\/sk\/wp-json\/wp\/v2\/product\/6428","targetHints":{"allow":["GET"]}}],"collection":[{"href":"https:\/\/decolights.eu\/sk\/wp-json\/wp\/v2\/product"}],"about":[{"href":"https:\/\/decolights.eu\/sk\/wp-json\/wp\/v2\/types\/product"}],"replies":[{"embeddable":true,"href":"https:\/\/decolights.eu\/sk\/wp-json\/wp\/v2\/comments?post=6428"}],"wp:featuredmedia":[{"embeddable":true,"href":"https:\/\/decolights.eu\/sk\/wp-json\/wp\/v2\/media\/6542"}],"wp:attachment":[{"href":"https:\/\/decolights.eu\/sk\/wp-json\/wp\/v2\/media?parent=6428"}],"wp:term":[{"taxonomy":"product_brand","embeddable":true,"href":"https:\/\/decolights.eu\/sk\/wp-json\/wp\/v2\/product_brand?post=6428"},{"taxonomy":"product_cat","embeddable":true,"href":"https:\/\/decolights.eu\/sk\/wp-json\/wp\/v2\/product_cat?post=6428"},{"taxonomy":"product_tag","embeddable":true,"href":"https:\/\/decolights.eu\/sk\/wp-json\/wp\/v2\/product_tag?post=6428"}],"curies":[{"name":"wp","href":"https:\/\/api.w.org\/{rel}","templated":true}]}}