{"id":6450,"date":"2023-04-01T04:45:45","date_gmt":"2023-04-01T04:45:45","guid":{"rendered":"https:\/\/decolights.eu\/?post_type=product&#038;p=6450"},"modified":"2023-04-16T10:48:59","modified_gmt":"2023-04-16T10:48:59","slug":"neon-led-silhouette-grafico","status":"publish","type":"product","link":"https:\/\/decolights.eu\/sk\/produkt-2\/neon-led-silhouette-grafico\/","title":{"rendered":"Neon LED Silhouette Grafico"},"content":{"rendered":"<p>\u0160t\u00fdlov\u00e1 silueta v grafickom dizajne pre vonkaj\u0161ie alebo vn\u00fatorn\u00e9 pou\u017eitie. Tepl\u00e9 biele LED svetlo, ktor\u00e9 vytvor\u00ed pr\u00edjemn\u00fa atmosf\u00e9ru vo va\u0161ej z\u00e1hrade alebo terase. Silueta je vysok\u00e1 cca 85 cm so 168 svetlami. Kovov\u00fd r\u00e1m v \u010diernej farbe.<\/p>\n<ul>\n<li><strong>Farba LED:<\/strong> tepl\u00e1 biela<\/li>\n<li><strong>Po\u010det LED di\u00f3d: <\/strong>168 LED<\/li>\n<li><strong>D\u013a\u017eka nap\u00e1jacieho k\u00e1bla:<\/strong> 5 mil<\/li>\n<li dir=\"ltr\" data-placeholder=\"Translation\"><strong>Ve\u013ekos\u0165:<\/strong> Rozmery 28 x 85 x 10 cm<\/li>\n<li dir=\"ltr\" data-placeholder=\"Translation\"><strong>Zdroj energie:<\/strong> Zapoji\u0165<\/li>\n<li><strong>Farba k\u00e1bla:<\/strong> Transparentn\u00e9<\/li>\n<li><strong>Pripojite\u013en\u00e9:\u00a0<\/strong>Nie<\/li>\n<li dir=\"ltr\" data-placeholder=\"Translation\"><strong>Hodnotenie IP<\/strong>: IP44<\/li>\n<li dir=\"ltr\" data-placeholder=\"Translation\"><strong>CE certifikovan\u00e9:<\/strong> \u00c1no<\/li>\n<li>24V DC 6W<\/li>\n<\/ul>","protected":false},"excerpt":{"rendered":"<p>Stylish silhouette in graphic design for outdoor or indoor use. Warm white LED light that creates a lovely atmosphere in your garden or patio. The silhouette is about 85 cm high with 168 lights. Metal frame in black. LED Colour: warm white Number of LEDs: 168LED Power lead cable length: 5M Size: 28 x 85 [&#8230;]\n","protected":false},"featured_media":6551,"comment_status":"open","ping_status":"closed","template":"","meta":[],"product_brand":[],"product_cat":[218,214,226,230],"product_tag":[],"class_list":{"0":"post-6450","1":"product","2":"type-product","3":"status-publish","4":"has-post-thumbnail","6":"product_cat-decorative-led-lights","7":"product_cat-indoor-lights","8":"product_cat-outdoor-lights","9":"product_cat-patio-lights","10":"pa_brand-deco","11":"pa_led-colour-warm-white","13":"first","14":"instock","15":"sale","16":"shipping-taxable","17":"purchasable","18":"product-type-simple"},"yoast_head":"<!-- This site is optimized with the Yoast SEO plugin v27.3 - https:\/\/yoast.com\/product\/yoast-seo-wordpress\/ -->\n<title>Neon LED Silhouette Grafico - Decolights.eu<\/title>\n<meta name=\"description\" content=\"Stylish silhouette in graphic design for outdoor or indoor use. Buy now for the best price to create a lovely atmosphere in your garden or patio.\" \/>\n<meta name=\"robots\" content=\"index, follow, max-snippet:-1, max-image-preview:large, max-video-preview:-1\" \/>\n<link rel=\"canonical\" href=\"https:\/\/decolights.eu\/sk\/produkt-2\/neon-led-silhouette-grafico\/\" \/>\n<meta property=\"og:locale\" content=\"sk_SK\" \/>\n<meta property=\"og:type\" content=\"article\" \/>\n<meta property=\"og:title\" content=\"Neon LED Silhouette Grafico - Decolights.eu\" \/>\n<meta property=\"og:description\" content=\"Stylish silhouette in graphic design for outdoor or indoor use. Buy now for the best price to create a lovely atmosphere in your garden or patio.\" \/>\n<meta property=\"og:url\" content=\"https:\/\/decolights.eu\/sk\/produkt-2\/neon-led-silhouette-grafico\/\" \/>\n<meta property=\"og:site_name\" content=\"Decolights.eu\" \/>\n<meta property=\"article:modified_time\" content=\"2023-04-16T10:48:59+00:00\" \/>\n<meta property=\"og:image\" content=\"https:\/\/decolights.eu\/wp-content\/uploads\/2023\/04\/807-62_M2.png\" \/>\n\t<meta property=\"og:image:width\" content=\"600\" \/>\n\t<meta property=\"og:image:height\" content=\"602\" \/>\n\t<meta property=\"og:image:type\" content=\"image\/png\" \/>\n<meta name=\"twitter:card\" content=\"summary_large_image\" \/>\n<meta name=\"twitter:label1\" content=\"Predpokladan\u00fd \u010das \u010d\u00edtania\" \/>\n\t<meta name=\"twitter:data1\" content=\"1 min\u00fata\" \/>\n<script type=\"application\/ld+json\" class=\"yoast-schema-graph\">{\"@context\":\"https:\\\/\\\/schema.org\",\"@graph\":[{\"@type\":\"WebPage\",\"@id\":\"https:\\\/\\\/decolights.eu\\\/product\\\/neon-led-silhouette-grafico\\\/\",\"url\":\"https:\\\/\\\/decolights.eu\\\/product\\\/neon-led-silhouette-grafico\\\/\",\"name\":\"Neon LED Silhouette Grafico - Decolights.eu\",\"isPartOf\":{\"@id\":\"https:\\\/\\\/decolights.eu\\\/#website\"},\"primaryImageOfPage\":{\"@id\":\"https:\\\/\\\/decolights.eu\\\/product\\\/neon-led-silhouette-grafico\\\/#primaryimage\"},\"image\":{\"@id\":\"https:\\\/\\\/decolights.eu\\\/product\\\/neon-led-silhouette-grafico\\\/#primaryimage\"},\"thumbnailUrl\":\"https:\\\/\\\/decolights.eu\\\/wp-content\\\/uploads\\\/2023\\\/04\\\/807-62_M2.png\",\"datePublished\":\"2023-04-01T04:45:45+00:00\",\"dateModified\":\"2023-04-16T10:48:59+00:00\",\"description\":\"Stylish silhouette in graphic design for outdoor or indoor use. Buy now for the best price to create a lovely atmosphere in your garden or patio.\",\"breadcrumb\":{\"@id\":\"https:\\\/\\\/decolights.eu\\\/product\\\/neon-led-silhouette-grafico\\\/#breadcrumb\"},\"inLanguage\":\"sk-SK\",\"potentialAction\":[{\"@type\":\"ReadAction\",\"target\":[\"https:\\\/\\\/decolights.eu\\\/product\\\/neon-led-silhouette-grafico\\\/\"]}]},{\"@type\":\"ImageObject\",\"inLanguage\":\"sk-SK\",\"@id\":\"https:\\\/\\\/decolights.eu\\\/product\\\/neon-led-silhouette-grafico\\\/#primaryimage\",\"url\":\"https:\\\/\\\/decolights.eu\\\/wp-content\\\/uploads\\\/2023\\\/04\\\/807-62_M2.png\",\"contentUrl\":\"https:\\\/\\\/decolights.eu\\\/wp-content\\\/uploads\\\/2023\\\/04\\\/807-62_M2.png\",\"width\":600,\"height\":602},{\"@type\":\"BreadcrumbList\",\"@id\":\"https:\\\/\\\/decolights.eu\\\/product\\\/neon-led-silhouette-grafico\\\/#breadcrumb\",\"itemListElement\":[{\"@type\":\"ListItem\",\"position\":1,\"name\":\"Shop\",\"item\":\"https:\\\/\\\/decolights.eu\\\/shop\\\/\"},{\"@type\":\"ListItem\",\"position\":2,\"name\":\"Neon LED Silhouette Grafico\"}]},{\"@type\":\"WebSite\",\"@id\":\"https:\\\/\\\/decolights.eu\\\/#website\",\"url\":\"https:\\\/\\\/decolights.eu\\\/\",\"name\":\"decolights\",\"description\":\"Led Decorations for Home and Garden\",\"publisher\":{\"@id\":\"https:\\\/\\\/decolights.eu\\\/#organization\"},\"alternateName\":\"decolights.eu\",\"potentialAction\":[{\"@type\":\"SearchAction\",\"target\":{\"@type\":\"EntryPoint\",\"urlTemplate\":\"https:\\\/\\\/decolights.eu\\\/?s={search_term_string}\"},\"query-input\":{\"@type\":\"PropertyValueSpecification\",\"valueRequired\":true,\"valueName\":\"search_term_string\"}}],\"inLanguage\":\"sk-SK\"},{\"@type\":\"Organization\",\"@id\":\"https:\\\/\\\/decolights.eu\\\/#organization\",\"name\":\"decolights\",\"url\":\"https:\\\/\\\/decolights.eu\\\/\",\"logo\":{\"@type\":\"ImageObject\",\"inLanguage\":\"sk-SK\",\"@id\":\"https:\\\/\\\/decolights.eu\\\/#\\\/schema\\\/logo\\\/image\\\/\",\"url\":\"https:\\\/\\\/decolights.eu\\\/wp-content\\\/uploads\\\/2023\\\/07\\\/cropped-decolight-siteicon.png\",\"contentUrl\":\"https:\\\/\\\/decolights.eu\\\/wp-content\\\/uploads\\\/2023\\\/07\\\/cropped-decolight-siteicon.png\",\"width\":512,\"height\":512,\"caption\":\"decolights\"},\"image\":{\"@id\":\"https:\\\/\\\/decolights.eu\\\/#\\\/schema\\\/logo\\\/image\\\/\"}}]}<\/script>\n<!-- \/ Yoast SEO plugin. -->","yoast_head_json":{"title":"Neon LED Silhouette Grafico - Decolights.eu","description":"\u0160t\u00fdlov\u00e1 silueta v grafickom dizajne pre vonkaj\u0161ie alebo vn\u00fatorn\u00e9 pou\u017eitie. K\u00fapte si teraz za najlep\u0161iu cenu a vytvorte si pr\u00edjemn\u00fa atmosf\u00e9ru vo svojej z\u00e1hrade alebo terase.","robots":{"index":"index","follow":"follow","max-snippet":"max-snippet:-1","max-image-preview":"max-image-preview:large","max-video-preview":"max-video-preview:-1"},"canonical":"https:\/\/decolights.eu\/sk\/produkt-2\/neon-led-silhouette-grafico\/","og_locale":"sk_SK","og_type":"article","og_title":"Neon LED Silhouette Grafico - Decolights.eu","og_description":"Stylish silhouette in graphic design for outdoor or indoor use. Buy now for the best price to create a lovely atmosphere in your garden or patio.","og_url":"https:\/\/decolights.eu\/sk\/produkt-2\/neon-led-silhouette-grafico\/","og_site_name":"Decolights.eu","article_modified_time":"2023-04-16T10:48:59+00:00","og_image":[{"url":"https:\/\/decolights.eu\/wp-content\/uploads\/2023\/04\/807-62_M2.png","width":600,"height":602,"type":"image\/png"}],"twitter_card":"summary_large_image","twitter_misc":{"Predpokladan\u00fd \u010das \u010d\u00edtania":"1 min\u00fata"},"schema":{"@context":"https:\/\/schema.org","@graph":[{"@type":"WebPage","@id":"https:\/\/decolights.eu\/product\/neon-led-silhouette-grafico\/","url":"https:\/\/decolights.eu\/product\/neon-led-silhouette-grafico\/","name":"Neon LED Silhouette Grafico - Decolights.eu","isPartOf":{"@id":"https:\/\/decolights.eu\/#website"},"primaryImageOfPage":{"@id":"https:\/\/decolights.eu\/product\/neon-led-silhouette-grafico\/#primaryimage"},"image":{"@id":"https:\/\/decolights.eu\/product\/neon-led-silhouette-grafico\/#primaryimage"},"thumbnailUrl":"https:\/\/decolights.eu\/wp-content\/uploads\/2023\/04\/807-62_M2.png","datePublished":"2023-04-01T04:45:45+00:00","dateModified":"2023-04-16T10:48:59+00:00","description":"\u0160t\u00fdlov\u00e1 silueta v grafickom dizajne pre vonkaj\u0161ie alebo vn\u00fatorn\u00e9 pou\u017eitie. K\u00fapte si teraz za najlep\u0161iu cenu a vytvorte si pr\u00edjemn\u00fa atmosf\u00e9ru vo svojej z\u00e1hrade alebo terase.","breadcrumb":{"@id":"https:\/\/decolights.eu\/product\/neon-led-silhouette-grafico\/#breadcrumb"},"inLanguage":"sk-SK","potentialAction":[{"@type":"ReadAction","target":["https:\/\/decolights.eu\/product\/neon-led-silhouette-grafico\/"]}]},{"@type":"ImageObject","inLanguage":"sk-SK","@id":"https:\/\/decolights.eu\/product\/neon-led-silhouette-grafico\/#primaryimage","url":"https:\/\/decolights.eu\/wp-content\/uploads\/2023\/04\/807-62_M2.png","contentUrl":"https:\/\/decolights.eu\/wp-content\/uploads\/2023\/04\/807-62_M2.png","width":600,"height":602},{"@type":"BreadcrumbList","@id":"https:\/\/decolights.eu\/product\/neon-led-silhouette-grafico\/#breadcrumb","itemListElement":[{"@type":"ListItem","position":1,"name":"Shop","item":"https:\/\/decolights.eu\/shop\/"},{"@type":"ListItem","position":2,"name":"Neon LED Silhouette Grafico"}]},{"@type":"WebSite","@id":"https:\/\/decolights.eu\/#website","url":"https:\/\/decolights.eu\/","name":"decolights","description":"Led dekor\u00e1cie pre dom a z\u00e1hradu","publisher":{"@id":"https:\/\/decolights.eu\/#organization"},"alternateName":"decolights.eu","potentialAction":[{"@type":"SearchAction","target":{"@type":"EntryPoint","urlTemplate":"https:\/\/decolights.eu\/?s={search_term_string}"},"query-input":{"@type":"PropertyValueSpecification","valueRequired":true,"valueName":"search_term_string"}}],"inLanguage":"sk-SK"},{"@type":"Organization","@id":"https:\/\/decolights.eu\/#organization","name":"decolights","url":"https:\/\/decolights.eu\/","logo":{"@type":"ImageObject","inLanguage":"sk-SK","@id":"https:\/\/decolights.eu\/#\/schema\/logo\/image\/","url":"https:\/\/decolights.eu\/wp-content\/uploads\/2023\/07\/cropped-decolight-siteicon.png","contentUrl":"https:\/\/decolights.eu\/wp-content\/uploads\/2023\/07\/cropped-decolight-siteicon.png","width":512,"height":512,"caption":"decolights"},"image":{"@id":"https:\/\/decolights.eu\/#\/schema\/logo\/image\/"}}]}},"jetpack_sharing_enabled":true,"_links":{"self":[{"href":"https:\/\/decolights.eu\/sk\/wp-json\/wp\/v2\/product\/6450","targetHints":{"allow":["GET"]}}],"collection":[{"href":"https:\/\/decolights.eu\/sk\/wp-json\/wp\/v2\/product"}],"about":[{"href":"https:\/\/decolights.eu\/sk\/wp-json\/wp\/v2\/types\/product"}],"replies":[{"embeddable":true,"href":"https:\/\/decolights.eu\/sk\/wp-json\/wp\/v2\/comments?post=6450"}],"wp:featuredmedia":[{"embeddable":true,"href":"https:\/\/decolights.eu\/sk\/wp-json\/wp\/v2\/media\/6551"}],"wp:attachment":[{"href":"https:\/\/decolights.eu\/sk\/wp-json\/wp\/v2\/media?parent=6450"}],"wp:term":[{"taxonomy":"product_brand","embeddable":true,"href":"https:\/\/decolights.eu\/sk\/wp-json\/wp\/v2\/product_brand?post=6450"},{"taxonomy":"product_cat","embeddable":true,"href":"https:\/\/decolights.eu\/sk\/wp-json\/wp\/v2\/product_cat?post=6450"},{"taxonomy":"product_tag","embeddable":true,"href":"https:\/\/decolights.eu\/sk\/wp-json\/wp\/v2\/product_tag?post=6450"}],"curies":[{"name":"wp","href":"https:\/\/api.w.org\/{rel}","templated":true}]}}