{"id":6453,"date":"2023-04-01T04:45:45","date_gmt":"2023-04-01T04:45:45","guid":{"rendered":"https:\/\/decolights.eu\/?post_type=product&#038;p=6453"},"modified":"2023-05-10T08:53:33","modified_gmt":"2023-05-10T08:53:33","slug":"solar-garden-gnome","status":"publish","type":"product","link":"https:\/\/decolights.eu\/sk\/produkt-2\/solar-garden-gnome\/","title":{"rendered":"Solar Garden Gnome"},"content":{"rendered":"<p>Kr\u00e1sny ve\u013ek\u00fd z\u00e1hradn\u00fd trpasl\u00edk v cementovo \u0161edej farbe. Prilo\u017een\u00e1 lampa je nabit\u00e1 sol\u00e1rnym \u010dl\u00e1nkom a po\u010das noci svieti tepl\u00fdm bielym svetlom.<\/p>\n<ul>\n<li><strong>Farba:\u00a0<\/strong>siv\u00e1<\/li>\n<li><strong>Farba LED:<\/strong> tepl\u00e1 biela<\/li>\n<li><strong>Ve\u013ekos\u0165: <\/strong>29 (\u0161\u00edrka) x 53 (v\u00fd\u0161ka) x 19 (h\u013abka) CM<\/li>\n<li><strong>Hodnotenie IP: <\/strong>IP44<\/li>\n<li><strong>Zdroj energie:\u00a0<\/strong>Sol\u00e1rne<\/li>\n<li><strong>\u010casova\u010d:\u00a0<\/strong>Svieti v tme<\/li>\n<li><strong>CE certifikovan\u00e9:\u00a0<\/strong>\u00c1no<\/li>\n<li>1,2V DC<\/li>\n<\/ul>","protected":false},"excerpt":{"rendered":"<p>Beautiful large garden gnome in cement-grey colour. The included lantern is charged with solar cell and glows with warm white light during the night. Colour:\u00a0grey LED colour: warm white Size: 29 (width) x 53 (height) x 19 (depth) CM IP Rating: IP44 Power source:\u00a0Solar Timer:\u00a0Lit in the dark CE Certified:\u00a0Yes 1,2V DC<\/p>","protected":false},"featured_media":6573,"comment_status":"open","ping_status":"closed","template":"","meta":[],"product_brand":[],"product_cat":[226,231,194,171],"product_tag":[],"class_list":{"0":"post-6453","1":"product","2":"type-product","3":"status-publish","4":"has-post-thumbnail","6":"product_cat-outdoor-lights","7":"product_cat-solar-decking-lights-outdoor-lights","8":"product_cat-solar-decking-lights","9":"product_cat-solar-lights","10":"pa_brand-deco","11":"pa_led-colour-warm-white","13":"first","14":"instock","15":"sale","16":"shipping-taxable","17":"purchasable","18":"product-type-simple"},"yoast_head":"<!-- This site is optimized with the Yoast SEO plugin v27.3 - https:\/\/yoast.com\/product\/yoast-seo-wordpress\/ -->\n<title>Solar Garden Gnome - Decolights.eu<\/title>\n<meta name=\"description\" content=\"Beautiful large garden gnome in cement-grey colour will create magical atmosphere in your garden. Do not miss out best prices and purchase gnome today!\" \/>\n<meta name=\"robots\" content=\"index, follow, max-snippet:-1, max-image-preview:large, max-video-preview:-1\" \/>\n<link rel=\"canonical\" href=\"https:\/\/decolights.eu\/sk\/produkt-2\/solar-garden-gnome\/\" \/>\n<meta property=\"og:locale\" content=\"sk_SK\" \/>\n<meta property=\"og:type\" content=\"article\" \/>\n<meta property=\"og:title\" content=\"Solar Garden Gnome - Decolights.eu\" \/>\n<meta property=\"og:description\" content=\"Beautiful large garden gnome in cement-grey colour will create magical atmosphere in your garden. Do not miss out best prices and purchase gnome today!\" \/>\n<meta property=\"og:url\" content=\"https:\/\/decolights.eu\/sk\/produkt-2\/solar-garden-gnome\/\" \/>\n<meta property=\"og:site_name\" content=\"Decolights.eu\" \/>\n<meta property=\"article:modified_time\" content=\"2023-05-10T08:53:33+00:00\" \/>\n<meta property=\"og:image\" content=\"https:\/\/decolights.eu\/wp-content\/uploads\/2023\/04\/481-37_M2.png\" \/>\n\t<meta property=\"og:image:width\" content=\"600\" \/>\n\t<meta property=\"og:image:height\" content=\"602\" \/>\n\t<meta property=\"og:image:type\" content=\"image\/png\" \/>\n<meta name=\"twitter:card\" content=\"summary_large_image\" \/>\n<meta name=\"twitter:label1\" content=\"Predpokladan\u00fd \u010das \u010d\u00edtania\" \/>\n\t<meta name=\"twitter:data1\" content=\"1 min\u00fata\" \/>\n<script type=\"application\/ld+json\" class=\"yoast-schema-graph\">{\"@context\":\"https:\\\/\\\/schema.org\",\"@graph\":[{\"@type\":\"WebPage\",\"@id\":\"https:\\\/\\\/decolights.eu\\\/product\\\/solar-garden-gnome\\\/\",\"url\":\"https:\\\/\\\/decolights.eu\\\/product\\\/solar-garden-gnome\\\/\",\"name\":\"Solar Garden Gnome - Decolights.eu\",\"isPartOf\":{\"@id\":\"https:\\\/\\\/decolights.eu\\\/#website\"},\"primaryImageOfPage\":{\"@id\":\"https:\\\/\\\/decolights.eu\\\/product\\\/solar-garden-gnome\\\/#primaryimage\"},\"image\":{\"@id\":\"https:\\\/\\\/decolights.eu\\\/product\\\/solar-garden-gnome\\\/#primaryimage\"},\"thumbnailUrl\":\"https:\\\/\\\/decolights.eu\\\/wp-content\\\/uploads\\\/2023\\\/04\\\/481-37_M2.png\",\"datePublished\":\"2023-04-01T04:45:45+00:00\",\"dateModified\":\"2023-05-10T08:53:33+00:00\",\"description\":\"Beautiful large garden gnome in cement-grey colour will create magical atmosphere in your garden. Do not miss out best prices and purchase gnome today!\",\"breadcrumb\":{\"@id\":\"https:\\\/\\\/decolights.eu\\\/product\\\/solar-garden-gnome\\\/#breadcrumb\"},\"inLanguage\":\"sk-SK\",\"potentialAction\":[{\"@type\":\"ReadAction\",\"target\":[\"https:\\\/\\\/decolights.eu\\\/product\\\/solar-garden-gnome\\\/\"]}]},{\"@type\":\"ImageObject\",\"inLanguage\":\"sk-SK\",\"@id\":\"https:\\\/\\\/decolights.eu\\\/product\\\/solar-garden-gnome\\\/#primaryimage\",\"url\":\"https:\\\/\\\/decolights.eu\\\/wp-content\\\/uploads\\\/2023\\\/04\\\/481-37_M2.png\",\"contentUrl\":\"https:\\\/\\\/decolights.eu\\\/wp-content\\\/uploads\\\/2023\\\/04\\\/481-37_M2.png\",\"width\":600,\"height\":602},{\"@type\":\"BreadcrumbList\",\"@id\":\"https:\\\/\\\/decolights.eu\\\/product\\\/solar-garden-gnome\\\/#breadcrumb\",\"itemListElement\":[{\"@type\":\"ListItem\",\"position\":1,\"name\":\"Shop\",\"item\":\"https:\\\/\\\/decolights.eu\\\/shop\\\/\"},{\"@type\":\"ListItem\",\"position\":2,\"name\":\"Solar Garden Gnome\"}]},{\"@type\":\"WebSite\",\"@id\":\"https:\\\/\\\/decolights.eu\\\/#website\",\"url\":\"https:\\\/\\\/decolights.eu\\\/\",\"name\":\"decolights\",\"description\":\"Led Decorations for Home and Garden\",\"publisher\":{\"@id\":\"https:\\\/\\\/decolights.eu\\\/#organization\"},\"alternateName\":\"decolights.eu\",\"potentialAction\":[{\"@type\":\"SearchAction\",\"target\":{\"@type\":\"EntryPoint\",\"urlTemplate\":\"https:\\\/\\\/decolights.eu\\\/?s={search_term_string}\"},\"query-input\":{\"@type\":\"PropertyValueSpecification\",\"valueRequired\":true,\"valueName\":\"search_term_string\"}}],\"inLanguage\":\"sk-SK\"},{\"@type\":\"Organization\",\"@id\":\"https:\\\/\\\/decolights.eu\\\/#organization\",\"name\":\"decolights\",\"url\":\"https:\\\/\\\/decolights.eu\\\/\",\"logo\":{\"@type\":\"ImageObject\",\"inLanguage\":\"sk-SK\",\"@id\":\"https:\\\/\\\/decolights.eu\\\/#\\\/schema\\\/logo\\\/image\\\/\",\"url\":\"https:\\\/\\\/decolights.eu\\\/wp-content\\\/uploads\\\/2023\\\/07\\\/cropped-decolight-siteicon.png\",\"contentUrl\":\"https:\\\/\\\/decolights.eu\\\/wp-content\\\/uploads\\\/2023\\\/07\\\/cropped-decolight-siteicon.png\",\"width\":512,\"height\":512,\"caption\":\"decolights\"},\"image\":{\"@id\":\"https:\\\/\\\/decolights.eu\\\/#\\\/schema\\\/logo\\\/image\\\/\"}}]}<\/script>\n<!-- \/ Yoast SEO plugin. -->","yoast_head_json":{"title":"Solar Garden Gnome - Decolights.eu","description":"Kr\u00e1sny ve\u013ek\u00fd z\u00e1hradn\u00fd trpasl\u00edk v cementovo \u0161edej farbe vytvor\u00ed \u010darovn\u00fa atmosf\u00e9ru vo va\u0161ej z\u00e1hrade. Nepreme\u0161kajte najlep\u0161ie ceny a k\u00fapte si gnome e\u0161te dnes!","robots":{"index":"index","follow":"follow","max-snippet":"max-snippet:-1","max-image-preview":"max-image-preview:large","max-video-preview":"max-video-preview:-1"},"canonical":"https:\/\/decolights.eu\/sk\/produkt-2\/solar-garden-gnome\/","og_locale":"sk_SK","og_type":"article","og_title":"Solar Garden Gnome - Decolights.eu","og_description":"Beautiful large garden gnome in cement-grey colour will create magical atmosphere in your garden. Do not miss out best prices and purchase gnome today!","og_url":"https:\/\/decolights.eu\/sk\/produkt-2\/solar-garden-gnome\/","og_site_name":"Decolights.eu","article_modified_time":"2023-05-10T08:53:33+00:00","og_image":[{"width":600,"height":602,"url":"https:\/\/decolights.eu\/wp-content\/uploads\/2023\/04\/481-37_M2.png","type":"image\/png"}],"twitter_card":"summary_large_image","twitter_misc":{"Predpokladan\u00fd \u010das \u010d\u00edtania":"1 min\u00fata"},"schema":{"@context":"https:\/\/schema.org","@graph":[{"@type":"WebPage","@id":"https:\/\/decolights.eu\/product\/solar-garden-gnome\/","url":"https:\/\/decolights.eu\/product\/solar-garden-gnome\/","name":"Solar Garden Gnome - Decolights.eu","isPartOf":{"@id":"https:\/\/decolights.eu\/#website"},"primaryImageOfPage":{"@id":"https:\/\/decolights.eu\/product\/solar-garden-gnome\/#primaryimage"},"image":{"@id":"https:\/\/decolights.eu\/product\/solar-garden-gnome\/#primaryimage"},"thumbnailUrl":"https:\/\/decolights.eu\/wp-content\/uploads\/2023\/04\/481-37_M2.png","datePublished":"2023-04-01T04:45:45+00:00","dateModified":"2023-05-10T08:53:33+00:00","description":"Kr\u00e1sny ve\u013ek\u00fd z\u00e1hradn\u00fd trpasl\u00edk v cementovo \u0161edej farbe vytvor\u00ed \u010darovn\u00fa atmosf\u00e9ru vo va\u0161ej z\u00e1hrade. Nepreme\u0161kajte najlep\u0161ie ceny a k\u00fapte si gnome e\u0161te dnes!","breadcrumb":{"@id":"https:\/\/decolights.eu\/product\/solar-garden-gnome\/#breadcrumb"},"inLanguage":"sk-SK","potentialAction":[{"@type":"ReadAction","target":["https:\/\/decolights.eu\/product\/solar-garden-gnome\/"]}]},{"@type":"ImageObject","inLanguage":"sk-SK","@id":"https:\/\/decolights.eu\/product\/solar-garden-gnome\/#primaryimage","url":"https:\/\/decolights.eu\/wp-content\/uploads\/2023\/04\/481-37_M2.png","contentUrl":"https:\/\/decolights.eu\/wp-content\/uploads\/2023\/04\/481-37_M2.png","width":600,"height":602},{"@type":"BreadcrumbList","@id":"https:\/\/decolights.eu\/product\/solar-garden-gnome\/#breadcrumb","itemListElement":[{"@type":"ListItem","position":1,"name":"Shop","item":"https:\/\/decolights.eu\/shop\/"},{"@type":"ListItem","position":2,"name":"Solar Garden Gnome"}]},{"@type":"WebSite","@id":"https:\/\/decolights.eu\/#website","url":"https:\/\/decolights.eu\/","name":"decolights","description":"Led dekor\u00e1cie pre dom a z\u00e1hradu","publisher":{"@id":"https:\/\/decolights.eu\/#organization"},"alternateName":"decolights.eu","potentialAction":[{"@type":"SearchAction","target":{"@type":"EntryPoint","urlTemplate":"https:\/\/decolights.eu\/?s={search_term_string}"},"query-input":{"@type":"PropertyValueSpecification","valueRequired":true,"valueName":"search_term_string"}}],"inLanguage":"sk-SK"},{"@type":"Organization","@id":"https:\/\/decolights.eu\/#organization","name":"decolights","url":"https:\/\/decolights.eu\/","logo":{"@type":"ImageObject","inLanguage":"sk-SK","@id":"https:\/\/decolights.eu\/#\/schema\/logo\/image\/","url":"https:\/\/decolights.eu\/wp-content\/uploads\/2023\/07\/cropped-decolight-siteicon.png","contentUrl":"https:\/\/decolights.eu\/wp-content\/uploads\/2023\/07\/cropped-decolight-siteicon.png","width":512,"height":512,"caption":"decolights"},"image":{"@id":"https:\/\/decolights.eu\/#\/schema\/logo\/image\/"}}]}},"jetpack_sharing_enabled":true,"_links":{"self":[{"href":"https:\/\/decolights.eu\/sk\/wp-json\/wp\/v2\/product\/6453","targetHints":{"allow":["GET"]}}],"collection":[{"href":"https:\/\/decolights.eu\/sk\/wp-json\/wp\/v2\/product"}],"about":[{"href":"https:\/\/decolights.eu\/sk\/wp-json\/wp\/v2\/types\/product"}],"replies":[{"embeddable":true,"href":"https:\/\/decolights.eu\/sk\/wp-json\/wp\/v2\/comments?post=6453"}],"wp:featuredmedia":[{"embeddable":true,"href":"https:\/\/decolights.eu\/sk\/wp-json\/wp\/v2\/media\/6573"}],"wp:attachment":[{"href":"https:\/\/decolights.eu\/sk\/wp-json\/wp\/v2\/media?parent=6453"}],"wp:term":[{"taxonomy":"product_brand","embeddable":true,"href":"https:\/\/decolights.eu\/sk\/wp-json\/wp\/v2\/product_brand?post=6453"},{"taxonomy":"product_cat","embeddable":true,"href":"https:\/\/decolights.eu\/sk\/wp-json\/wp\/v2\/product_cat?post=6453"},{"taxonomy":"product_tag","embeddable":true,"href":"https:\/\/decolights.eu\/sk\/wp-json\/wp\/v2\/product_tag?post=6453"}],"curies":[{"name":"wp","href":"https:\/\/api.w.org\/{rel}","templated":true}]}}