{"id":7345,"date":"2018-10-22T23:17:26","date_gmt":"2018-10-22T23:17:26","guid":{"rendered":"https:\/\/decolights.eu\/?post_type=product&#038;p=7345"},"modified":"2023-05-12T07:45:22","modified_gmt":"2023-05-12T07:45:22","slug":"200led-pallikujulised-tuled-varviline-16m-2","status":"publish","type":"product","link":"https:\/\/decolights.eu\/sk\/produkt-2\/200led-pallikujulised-tuled-varviline-16m-2\/","title":{"rendered":"200LED pallikujulised tuled v\u00e4rviline 16.5M"},"content":{"rendered":"<div id=\"titlediv\">\n<ul>\n<li class=\"inside\"><span style=\"color: #282828;\">V\u00e4rvus: <strong>\u00a0varviline <\/strong><\/span><\/li>\n<li class=\"inside\"><span style=\"color: #282828;\">Kogu pikkus (valgustatud osa   toitejuhe): <strong>16.5M<\/strong><\/span><\/li>\n<li class=\"inside\"><span style=\"color: #282828;\">Toitejuhtme pikkus: <strong>1,5 mili\u00f3na<\/strong><\/span><\/li>\n<li class=\"inside\"><span style=\"color: #282828;\"><strong>8 erinevat valgusfunktsiooni<\/strong><\/span><\/li>\n<li class=\"inside\"><span style=\"color: #282828;\">Andmed: <strong>230V, 50Hz max,\u00a0 8.56W<\/strong><\/span><\/li>\n<li class=\"inside\"><span style=\"color: #282828;\">Veekindlusaste: <strong>IP44 (saab kasutada nii toas kui v\u00e4litingimustes)<\/strong><\/span><\/li>\n<\/ul>\n<\/div>\n<p>&nbsp;<\/p>\n<p><span style=\"font-weight: 700 !important; color: #282828;\">NB! Tuled on omavahel j\u00e4tkatavad kuni 10 komplekti.<\/span><\/p>\n<p><strong>NB! Prispievajte k funkci\u00e1m kapra, ktor\u00e9 s\u00fa izolovan\u00e9 od ostatn\u00fdch vihma a lume eest!<\/strong><\/p>","protected":false},"excerpt":{"rendered":"<p><a href=\"https:\/\/www.joulutuled.ee\/wp-content\/uploads\/2022\/10\/2022.jpg\"><img loading=\"lazy\" decoding=\"async\" class=\"alignnone size-medium wp-image-39128\" src=\"https:\/\/www.joulutuled.ee\/wp-content\/uploads\/2022\/10\/2022-800x276.jpg\" alt=\"\" width=\"800\" height=\"276\" \/><\/a><img decoding=\"async\" src=\"https:\/\/www.joulutuled.ee\/wp-content\/uploads\/2021\/09\/EST-banner-transport.jpg\" \/><\/p>","protected":false},"featured_media":7346,"comment_status":"open","ping_status":"closed","template":"","meta":[],"product_brand":[],"product_cat":[15],"product_tag":[315,289,316,290,291,292,317,318,319],"class_list":{"0":"post-7345","1":"product","2":"type-product","3":"status-publish","4":"has-post-thumbnail","6":"product_cat-festoon-lights","7":"product_tag-joulu-pallikesed","8":"product_tag-joulud","9":"product_tag-joulupallid","10":"product_tag-joulutuled","11":"product_tag-kodu-kaunistus","12":"product_tag-led","13":"product_tag-pallikujulised-jouluehted","14":"product_tag-pallikujulised-led-tuled","15":"product_tag-pallikujulised-tuled","17":"first","18":"outofstock","19":"sale","20":"shipping-taxable","21":"purchasable","22":"product-type-simple"},"yoast_head":"<!-- This site is optimized with the Yoast SEO plugin v27.3 - https:\/\/yoast.com\/product\/yoast-seo-wordpress\/ -->\n<title>200LED pallikujulised tuled v\u00e4rviline 16.5M - Decolights.eu<\/title>\n<meta name=\"description\" content=\"Buy 200LED pallikujulised tuled v\u00e4rviline 16.5M for . Browse our range of . Buy for the best price today and enjoy cozy atmosphere.\" \/>\n<meta name=\"robots\" content=\"index, follow, max-snippet:-1, max-image-preview:large, max-video-preview:-1\" \/>\n<link rel=\"canonical\" href=\"https:\/\/decolights.eu\/sk\/produkt-2\/200led-pallikujulised-tuled-varviline-16m-2\/\" \/>\n<meta property=\"og:locale\" content=\"sk_SK\" \/>\n<meta property=\"og:type\" content=\"article\" \/>\n<meta property=\"og:title\" content=\"200LED pallikujulised tuled v\u00e4rviline 16.5M - Decolights.eu\" \/>\n<meta property=\"og:description\" content=\"Buy 200LED pallikujulised tuled v\u00e4rviline 16.5M for . Browse our range of . Buy for the best price today and enjoy cozy atmosphere.\" \/>\n<meta property=\"og:url\" content=\"https:\/\/decolights.eu\/sk\/produkt-2\/200led-pallikujulised-tuled-varviline-16m-2\/\" \/>\n<meta property=\"og:site_name\" content=\"Decolights.eu\" \/>\n<meta property=\"article:modified_time\" content=\"2023-05-12T07:45:22+00:00\" \/>\n<meta property=\"og:image\" content=\"https:\/\/decolights.eu\/wp-content\/uploads\/2023\/05\/Pallikujulised-varvilise-joulutuled-2.jpg\" \/>\n\t<meta property=\"og:image:width\" content=\"811\" \/>\n\t<meta property=\"og:image:height\" content=\"800\" \/>\n\t<meta property=\"og:image:type\" content=\"image\/jpeg\" \/>\n<meta name=\"twitter:card\" content=\"summary_large_image\" \/>\n<meta name=\"twitter:label1\" content=\"Predpokladan\u00fd \u010das \u010d\u00edtania\" \/>\n\t<meta name=\"twitter:data1\" content=\"1 min\u00fata\" \/>\n<script type=\"application\/ld+json\" class=\"yoast-schema-graph\">{\"@context\":\"https:\\\/\\\/schema.org\",\"@graph\":[{\"@type\":\"WebPage\",\"@id\":\"https:\\\/\\\/decolights.eu\\\/product\\\/200led-pallikujulised-tuled-varviline-16m-2\\\/\",\"url\":\"https:\\\/\\\/decolights.eu\\\/product\\\/200led-pallikujulised-tuled-varviline-16m-2\\\/\",\"name\":\"200LED pallikujulised tuled v\u00e4rviline 16.5M - Decolights.eu\",\"isPartOf\":{\"@id\":\"https:\\\/\\\/decolights.eu\\\/#website\"},\"primaryImageOfPage\":{\"@id\":\"https:\\\/\\\/decolights.eu\\\/product\\\/200led-pallikujulised-tuled-varviline-16m-2\\\/#primaryimage\"},\"image\":{\"@id\":\"https:\\\/\\\/decolights.eu\\\/product\\\/200led-pallikujulised-tuled-varviline-16m-2\\\/#primaryimage\"},\"thumbnailUrl\":\"https:\\\/\\\/decolights.eu\\\/wp-content\\\/uploads\\\/2023\\\/05\\\/Pallikujulised-varvilise-joulutuled-2.jpg\",\"datePublished\":\"2018-10-22T23:17:26+00:00\",\"dateModified\":\"2023-05-12T07:45:22+00:00\",\"description\":\"Buy 200LED pallikujulised tuled v\u00e4rviline 16.5M for . Browse our range of . Buy for the best price today and enjoy cozy atmosphere.\",\"breadcrumb\":{\"@id\":\"https:\\\/\\\/decolights.eu\\\/product\\\/200led-pallikujulised-tuled-varviline-16m-2\\\/#breadcrumb\"},\"inLanguage\":\"sk-SK\",\"potentialAction\":[{\"@type\":\"ReadAction\",\"target\":[\"https:\\\/\\\/decolights.eu\\\/product\\\/200led-pallikujulised-tuled-varviline-16m-2\\\/\"]}]},{\"@type\":\"ImageObject\",\"inLanguage\":\"sk-SK\",\"@id\":\"https:\\\/\\\/decolights.eu\\\/product\\\/200led-pallikujulised-tuled-varviline-16m-2\\\/#primaryimage\",\"url\":\"https:\\\/\\\/decolights.eu\\\/wp-content\\\/uploads\\\/2023\\\/05\\\/Pallikujulised-varvilise-joulutuled-2.jpg\",\"contentUrl\":\"https:\\\/\\\/decolights.eu\\\/wp-content\\\/uploads\\\/2023\\\/05\\\/Pallikujulised-varvilise-joulutuled-2.jpg\",\"width\":811,\"height\":800},{\"@type\":\"BreadcrumbList\",\"@id\":\"https:\\\/\\\/decolights.eu\\\/product\\\/200led-pallikujulised-tuled-varviline-16m-2\\\/#breadcrumb\",\"itemListElement\":[{\"@type\":\"ListItem\",\"position\":1,\"name\":\"Shop\",\"item\":\"https:\\\/\\\/decolights.eu\\\/shop\\\/\"},{\"@type\":\"ListItem\",\"position\":2,\"name\":\"200LED pallikujulised tuled v\u00e4rviline 16.5M\"}]},{\"@type\":\"WebSite\",\"@id\":\"https:\\\/\\\/decolights.eu\\\/#website\",\"url\":\"https:\\\/\\\/decolights.eu\\\/\",\"name\":\"decolights\",\"description\":\"Led Decorations for Home and Garden\",\"publisher\":{\"@id\":\"https:\\\/\\\/decolights.eu\\\/#organization\"},\"alternateName\":\"decolights.eu\",\"potentialAction\":[{\"@type\":\"SearchAction\",\"target\":{\"@type\":\"EntryPoint\",\"urlTemplate\":\"https:\\\/\\\/decolights.eu\\\/?s={search_term_string}\"},\"query-input\":{\"@type\":\"PropertyValueSpecification\",\"valueRequired\":true,\"valueName\":\"search_term_string\"}}],\"inLanguage\":\"sk-SK\"},{\"@type\":\"Organization\",\"@id\":\"https:\\\/\\\/decolights.eu\\\/#organization\",\"name\":\"decolights\",\"url\":\"https:\\\/\\\/decolights.eu\\\/\",\"logo\":{\"@type\":\"ImageObject\",\"inLanguage\":\"sk-SK\",\"@id\":\"https:\\\/\\\/decolights.eu\\\/#\\\/schema\\\/logo\\\/image\\\/\",\"url\":\"https:\\\/\\\/decolights.eu\\\/wp-content\\\/uploads\\\/2023\\\/07\\\/cropped-decolight-siteicon.png\",\"contentUrl\":\"https:\\\/\\\/decolights.eu\\\/wp-content\\\/uploads\\\/2023\\\/07\\\/cropped-decolight-siteicon.png\",\"width\":512,\"height\":512,\"caption\":\"decolights\"},\"image\":{\"@id\":\"https:\\\/\\\/decolights.eu\\\/#\\\/schema\\\/logo\\\/image\\\/\"}}]}<\/script>\n<!-- \/ Yoast SEO plugin. -->","yoast_head_json":{"title":"200LED pallikujulised tuled v\u00e4rviline 16.5M - Decolights.eu","description":"Buy 200LED pallikujulised tuled v\u00e4rviline 16.5M for . Browse our range of . Buy for the best price today and enjoy cozy atmosphere.","robots":{"index":"index","follow":"follow","max-snippet":"max-snippet:-1","max-image-preview":"max-image-preview:large","max-video-preview":"max-video-preview:-1"},"canonical":"https:\/\/decolights.eu\/sk\/produkt-2\/200led-pallikujulised-tuled-varviline-16m-2\/","og_locale":"sk_SK","og_type":"article","og_title":"200LED pallikujulised tuled v\u00e4rviline 16.5M - Decolights.eu","og_description":"Buy 200LED pallikujulised tuled v\u00e4rviline 16.5M for . Browse our range of . Buy for the best price today and enjoy cozy atmosphere.","og_url":"https:\/\/decolights.eu\/sk\/produkt-2\/200led-pallikujulised-tuled-varviline-16m-2\/","og_site_name":"Decolights.eu","article_modified_time":"2023-05-12T07:45:22+00:00","og_image":[{"width":811,"height":800,"url":"https:\/\/decolights.eu\/wp-content\/uploads\/2023\/05\/Pallikujulised-varvilise-joulutuled-2.jpg","type":"image\/jpeg"}],"twitter_card":"summary_large_image","twitter_misc":{"Predpokladan\u00fd \u010das \u010d\u00edtania":"1 min\u00fata"},"schema":{"@context":"https:\/\/schema.org","@graph":[{"@type":"WebPage","@id":"https:\/\/decolights.eu\/product\/200led-pallikujulised-tuled-varviline-16m-2\/","url":"https:\/\/decolights.eu\/product\/200led-pallikujulised-tuled-varviline-16m-2\/","name":"200LED pallikujulised tuled v\u00e4rviline 16.5M - Decolights.eu","isPartOf":{"@id":"https:\/\/decolights.eu\/#website"},"primaryImageOfPage":{"@id":"https:\/\/decolights.eu\/product\/200led-pallikujulised-tuled-varviline-16m-2\/#primaryimage"},"image":{"@id":"https:\/\/decolights.eu\/product\/200led-pallikujulised-tuled-varviline-16m-2\/#primaryimage"},"thumbnailUrl":"https:\/\/decolights.eu\/wp-content\/uploads\/2023\/05\/Pallikujulised-varvilise-joulutuled-2.jpg","datePublished":"2018-10-22T23:17:26+00:00","dateModified":"2023-05-12T07:45:22+00:00","description":"Buy 200LED pallikujulised tuled v\u00e4rviline 16.5M for . Browse our range of . Buy for the best price today and enjoy cozy atmosphere.","breadcrumb":{"@id":"https:\/\/decolights.eu\/product\/200led-pallikujulised-tuled-varviline-16m-2\/#breadcrumb"},"inLanguage":"sk-SK","potentialAction":[{"@type":"ReadAction","target":["https:\/\/decolights.eu\/product\/200led-pallikujulised-tuled-varviline-16m-2\/"]}]},{"@type":"ImageObject","inLanguage":"sk-SK","@id":"https:\/\/decolights.eu\/product\/200led-pallikujulised-tuled-varviline-16m-2\/#primaryimage","url":"https:\/\/decolights.eu\/wp-content\/uploads\/2023\/05\/Pallikujulised-varvilise-joulutuled-2.jpg","contentUrl":"https:\/\/decolights.eu\/wp-content\/uploads\/2023\/05\/Pallikujulised-varvilise-joulutuled-2.jpg","width":811,"height":800},{"@type":"BreadcrumbList","@id":"https:\/\/decolights.eu\/product\/200led-pallikujulised-tuled-varviline-16m-2\/#breadcrumb","itemListElement":[{"@type":"ListItem","position":1,"name":"Shop","item":"https:\/\/decolights.eu\/shop\/"},{"@type":"ListItem","position":2,"name":"200LED pallikujulised tuled v\u00e4rviline 16.5M"}]},{"@type":"WebSite","@id":"https:\/\/decolights.eu\/#website","url":"https:\/\/decolights.eu\/","name":"decolights","description":"Led dekor\u00e1cie pre dom a z\u00e1hradu","publisher":{"@id":"https:\/\/decolights.eu\/#organization"},"alternateName":"decolights.eu","potentialAction":[{"@type":"SearchAction","target":{"@type":"EntryPoint","urlTemplate":"https:\/\/decolights.eu\/?s={search_term_string}"},"query-input":{"@type":"PropertyValueSpecification","valueRequired":true,"valueName":"search_term_string"}}],"inLanguage":"sk-SK"},{"@type":"Organization","@id":"https:\/\/decolights.eu\/#organization","name":"decolights","url":"https:\/\/decolights.eu\/","logo":{"@type":"ImageObject","inLanguage":"sk-SK","@id":"https:\/\/decolights.eu\/#\/schema\/logo\/image\/","url":"https:\/\/decolights.eu\/wp-content\/uploads\/2023\/07\/cropped-decolight-siteicon.png","contentUrl":"https:\/\/decolights.eu\/wp-content\/uploads\/2023\/07\/cropped-decolight-siteicon.png","width":512,"height":512,"caption":"decolights"},"image":{"@id":"https:\/\/decolights.eu\/#\/schema\/logo\/image\/"}}]}},"jetpack_sharing_enabled":true,"_links":{"self":[{"href":"https:\/\/decolights.eu\/sk\/wp-json\/wp\/v2\/product\/7345","targetHints":{"allow":["GET"]}}],"collection":[{"href":"https:\/\/decolights.eu\/sk\/wp-json\/wp\/v2\/product"}],"about":[{"href":"https:\/\/decolights.eu\/sk\/wp-json\/wp\/v2\/types\/product"}],"replies":[{"embeddable":true,"href":"https:\/\/decolights.eu\/sk\/wp-json\/wp\/v2\/comments?post=7345"}],"wp:featuredmedia":[{"embeddable":true,"href":"https:\/\/decolights.eu\/sk\/wp-json\/wp\/v2\/media\/7346"}],"wp:attachment":[{"href":"https:\/\/decolights.eu\/sk\/wp-json\/wp\/v2\/media?parent=7345"}],"wp:term":[{"taxonomy":"product_brand","embeddable":true,"href":"https:\/\/decolights.eu\/sk\/wp-json\/wp\/v2\/product_brand?post=7345"},{"taxonomy":"product_cat","embeddable":true,"href":"https:\/\/decolights.eu\/sk\/wp-json\/wp\/v2\/product_cat?post=7345"},{"taxonomy":"product_tag","embeddable":true,"href":"https:\/\/decolights.eu\/sk\/wp-json\/wp\/v2\/product_tag?post=7345"}],"curies":[{"name":"wp","href":"https:\/\/api.w.org\/{rel}","templated":true}]}}